{"id":9535,"date":"2025-07-16T14:05:23","date_gmt":"2025-07-16T14:05:23","guid":{"rendered":"https:\/\/www.andancas.net\/site\/?page_id=9535"},"modified":"2025-07-16T14:05:23","modified_gmt":"2025-07-16T14:05:23","slug":"politica-de-privacidade","status":"publish","type":"page","link":"https:\/\/www.andancas.net\/site\/politica-de-privacidade\/","title":{"rendered":"Pol\u00edtica de Privacidade"},"content":{"rendered":"<h2>Declara\u00e7\u00e3o de Privacidade<\/h2>\n<p>Estas Pol\u00edticas de Privacidade guiam a forma como a P\u00e9deXumbo recolhe, utiliza, mant\u00e9m e apaga a informa\u00e7\u00e3o dos utilizadores dos seus sites: P\u00e9deXumbo, Andan\u00e7as, Ethno-Portugal, Dan\u00e7a Portuguesa a Gostar dela Pr\u00f3pria, Entrudan\u00e7as. Estas pol\u00edticas de privacidade aplicam-se aos sites citados e a todos os produtos e servi\u00e7os oferecidos pela P\u00e9deXumbo e est\u00e3o de acordo com o novo Regulamento Geral sobre a Protec\u00e7\u00e3o de Dados (RGPD) que estabelece regras relativas ao tratamento de dados pessoais referentes a pessoas na Uni\u00e3o Europeia, e que entrou em vigor no dia 25 de Maio de 2018. Poder\u00e1 consultar o regulamento clicando\u00a0<strong><a href=\"https:\/\/protecao-dados.pt\/o-regulamento\/\">aqui<\/a><\/strong>.<\/p>\n<p><strong>Informa\u00e7\u00e3o de identifica\u00e7\u00e3o n\u00e3o pessoal<\/strong><br \/>\nNos sites P\u00e9deXumbo podemos recolher informa\u00e7\u00e3o n\u00e3o pessoal de identifica\u00e7\u00e3o sobre os utilizadores sempre que interajam com os sites. A informa\u00e7\u00e3o de identifica\u00e7\u00e3o n\u00e3o pessoal pode incluir o nome do browser, o tipo de computador e a informa\u00e7\u00e3o t\u00e9cnica sobre a forma como o utilizador se conecta aos sites, como o sistema operativo, o operador de internet, etc.<\/p>\n<p><strong>Como \u00e9 que utilizamos a informa\u00e7\u00e3o que recolhemos<\/strong><br \/>\nA P\u00e9deXumbo pode recolher informa\u00e7\u00e3o dos utilizadores com os seguintes prop\u00f3sitos:<\/p>\n<p>\u2013 Melhorar o servi\u00e7o prestado aos utilizadores<br \/>\n\u2013 Aumentar o conhecimento sobre os p\u00fablicos da P\u00e9deXumbo e melhorar o servi\u00e7o oferecido;<br \/>\n\u2013 Perceber como os utilizadores utilizam os servi\u00e7os e recursos dos sites P\u00e9deXumbo;<br \/>\n\u2013 Processar pagamentos;<br \/>\n\u2013 Enviar e-mails peri\u00f3dicos;<br \/>\n\u2013 Podemos utilizar o endere\u00e7o de e-mail para enviar ao utilizador informa\u00e7\u00e3o e novidades relacionadas com o seu pedido. Pode tamb\u00e9m ser utilizado para responder aos seus pedidos de informa\u00e7\u00e3o e quest\u00f5es. Se o utilizador optar por juntar-se \u00e0 nossa mailing list, ir\u00e1 receber e-mails que podem incluir novidades da P\u00e9deXumbo, relacionadas com servi\u00e7os e produtos, etc. Se em algum momento o utilizador quiser deixar de receber e-mails, n\u00f3s inclu\u00edmos instru\u00e7\u00f5es sobre como cancelar a subscri\u00e7\u00e3o no final de cada e-mail.<\/p>\n<p><strong>Seguran\u00e7a de dados<\/strong><br \/>\nA P\u00e9deXumbo est\u00e1 empenhada em proteger a seguran\u00e7a dos seus dados pessoais. Utilizamos uma variedade de tecnologias e procedimentos de seguran\u00e7a para ajudar a proteger os seus dados pessoais contra acesso, utiliza\u00e7\u00e3o ou divulga\u00e7\u00e3o n\u00e3o autorizada. Por exemplo, armazenamos os dados pessoais fornecidos em computadores e servidores com acesso limitado, localizados em instala\u00e7\u00f5es controladas.<\/p>\n<p><strong>Partilha de dados<\/strong><br \/>\nA P\u00e9deXumbo n\u00e3o vende nem partilha informa\u00e7\u00e3o de identifica\u00e7\u00e3o pessoal dos utilizadores com terceiros. Podemos partilhar informa\u00e7\u00e3o demogr\u00e1fica genericamente com parceiros ou fornecedores, sem que essa informa\u00e7\u00e3o esteja conetada com qualquer informa\u00e7\u00e3o de identifica\u00e7\u00e3o pessoal dos utilizadores.<\/p>\n<p><strong>Sites de terceiros<\/strong><br \/>\nOs utilizadores podem encontrar nos sites P\u00e9deXumbo conte\u00fados que liguem para sites e servi\u00e7os de parceiros, fornecedores, ou de outras entidades. N\u00f3s n\u00e3o controlamos o conte\u00fado ou liga\u00e7\u00f5es que aparecem nesses sites nem nos responsabilizamos pelas pr\u00e1ticas empregadas nos sites que ligam ou que est\u00e3o ligados aos sites P\u00e9deXumbo. Adicionalmente , estes sites e servi\u00e7os, incluindo o seu conte\u00fado e links, podem mudar constantemente. Estes sites e servi\u00e7os seguem as suas pr\u00f3prias pol\u00edticas de privacidade e de servi\u00e7o a utilizadores.<\/p>\n<p><strong>Mudan\u00e7as a esta pol\u00edtica de privacidade<\/strong><br \/>\nA P\u00e9deXumbo reserva-se no direito de atualizar esta pol\u00edtica de privacidade a qualquer momento.<br \/>\nQuando o fizermos, atualizaremos sempre a data de revis\u00e3o no fundo da p\u00e1gina, pelo que recomendamos os utilizadores dos sites P\u00e9deXumbo a visitarem frequentemente esta p\u00e1gina, de modo a que se mantenham informados sobre a forma como protegemos os dados que recolhemos.<\/p>\n<p><strong>Aceita\u00e7\u00e3o destes termos<\/strong><br \/>\nAo utilizar os sites da P\u00e9deXumbo, os utilizadores demonstram a sua concord\u00e2ncia com estas pol\u00edticas e termos de servi\u00e7o. Caso os utilizadores n\u00e3o concordem com estas pol\u00edticas de privacidade, por favor n\u00e3o utilizem este site. A utiliza\u00e7\u00e3o dos sites P\u00e9deXumbo ap\u00f3s a publica\u00e7\u00e3o destas pol\u00edticas de privacidade levam-nos a considerar a aceita\u00e7\u00e3o da mesma pelos utilizadores.<\/p>\n<p><strong>Contacto<\/strong><br \/>\nCaso tenha alguma quest\u00e3o sobre as Pol\u00edticas de Privacidade utilizadas nos sites P\u00e9deXumbo, pode contactar-nos:<\/p>\n<p>P\u00e9deXumbo \u2013 Associa\u00e7\u00e3o para a Promo\u00e7\u00e3o da M\u00fasica e Dan\u00e7a<br \/>\nTelefone: +351 266 732 504<br \/>\nE-mail de contacto geral: pedexumbogeral@pedexumbo.com<br \/>\nEndere\u00e7o para correspond\u00eancia: Apartado 2195, 7001-901 \u00c9vora<\/p>\n<p>Este documento foi atualizado pela \u00faltima vez a 12 de Fevereiro de 2019.<\/p>\n","protected":false},"excerpt":{"rendered":"<p>Declara\u00e7\u00e3o de Privacidade Estas Pol\u00edticas de Privacidade guiam a forma como a P\u00e9deXumbo recolhe, utiliza, mant\u00e9m e apaga a informa\u00e7\u00e3o dos utilizadores dos seus sites: P\u00e9deXumbo, Andan\u00e7as, Ethno-Portugal, Dan\u00e7a Portuguesa a Gostar dela Pr\u00f3pria, Entrudan\u00e7as. Estas pol\u00edticas de privacidade aplicam-se aos sites citados e a todos os produtos e servi\u00e7os oferecidos pela P\u00e9deXumbo e est\u00e3o <a href=\"https:\/\/www.andancas.net\/site\/politica-de-privacidade\/\" class=\"more-link\">&#8230;<span class=\"screen-reader-text\">  Pol\u00edtica de Privacidade<\/span><\/a><\/p>\n","protected":false},"author":1,"featured_media":0,"parent":0,"menu_order":0,"comment_status":"closed","ping_status":"closed","template":"","meta":{"_uf_show_specific_survey":0,"_uf_disable_surveys":false,"footnotes":""},"class_list":["post-9535","page","type-page","status-publish","hentry"],"aioseo_notices":[],"_links":{"self":[{"href":"https:\/\/www.andancas.net\/site\/wp-json\/wp\/v2\/pages\/9535","targetHints":{"allow":["GET"]}}],"collection":[{"href":"https:\/\/www.andancas.net\/site\/wp-json\/wp\/v2\/pages"}],"about":[{"href":"https:\/\/www.andancas.net\/site\/wp-json\/wp\/v2\/types\/page"}],"author":[{"embeddable":true,"href":"https:\/\/www.andancas.net\/site\/wp-json\/wp\/v2\/users\/1"}],"replies":[{"embeddable":true,"href":"https:\/\/www.andancas.net\/site\/wp-json\/wp\/v2\/comments?post=9535"}],"version-history":[{"count":0,"href":"https:\/\/www.andancas.net\/site\/wp-json\/wp\/v2\/pages\/9535\/revisions"}],"wp:attachment":[{"href":"https:\/\/www.andancas.net\/site\/wp-json\/wp\/v2\/media?parent=9535"}],"curies":[{"name":"wp","href":"https:\/\/api.w.org\/{rel}","templated":true}]}}