{"id":9153,"date":"2025-06-12T10:34:25","date_gmt":"2025-06-12T10:34:25","guid":{"rendered":"https:\/\/www.andancas.net\/site\/?page_id=9153"},"modified":"2025-07-09T11:28:30","modified_gmt":"2025-07-09T11:28:30","slug":"imprensa","status":"publish","type":"page","link":"https:\/\/www.andancas.net\/site\/imprensa\/","title":{"rendered":"IMPRENSA"},"content":{"rendered":"\t\t<div data-elementor-type=\"wp-page\" data-elementor-id=\"9153\" class=\"elementor elementor-9153\" data-elementor-settings=\"{&quot;ha_cmc_init_switcher&quot;:&quot;no&quot;}\">\n\t\t\t\t<div class=\"elementor-element elementor-element-2d539c0 e-flex e-con-boxed e-con e-parent\" data-id=\"2d539c0\" data-element_type=\"container\" data-settings=\"{&quot;_ha_eqh_enable&quot;:false}\">\n\t\t\t\t\t<div class=\"e-con-inner\">\n\t\t\t\t<div class=\"elementor-element elementor-element-9673920 elementor-widget elementor-widget-heading\" data-id=\"9673920\" data-element_type=\"widget\" data-widget_type=\"heading.default\">\n\t\t\t\t<div class=\"elementor-widget-container\">\n\t\t\t\t\t<h2 class=\"elementor-heading-title elementor-size-default\">\u201cIr ao Andan\u00e7as \u00e9 a experi\u00eancia de viver no Alentejo interior, durante quatro dias!\u201d<\/h2>\t\t\t\t<\/div>\n\t\t\t\t<\/div>\n\t\t\t\t\t<\/div>\n\t\t\t\t<\/div>\n\t\t<div class=\"elementor-element elementor-element-b4f96ee e-flex e-con-boxed e-con e-parent\" data-id=\"b4f96ee\" data-element_type=\"container\" data-settings=\"{&quot;_ha_eqh_enable&quot;:false}\">\n\t\t\t\t\t<div class=\"e-con-inner\">\n\t\t\t\t<div class=\"elementor-element elementor-element-c02f644 elementor-widget elementor-widget-text-editor\" data-id=\"c02f644\" data-element_type=\"widget\" data-widget_type=\"text-editor.default\">\n\t\t\t\t<div class=\"elementor-widget-container\">\n\t\t\t\t\t\t\t\t\t<p>\u21d2 DESCARREGAR <a href=\"https:\/\/www.andancas.net\/site\/wp-content\/uploads\/2025\/07\/2_COMUNICADO-IMPRENSAandancas2025.pdf\" target=\"_blank\" rel=\"noopener\">2_Comunicado de Imprensa<\/a><\/p><p>\u21d2 DESCARREGAR <a href=\"https:\/\/www.andancas.net\/site\/wp-content\/uploads\/2025\/06\/COMUNICADO-IMPRENSAandancas2025.pdf\" target=\"_blank\" rel=\"noopener\">1_Comunicado de Imprensa<\/a><\/p><p>\u21d2 DESCARREGAR <a href=\"https:\/\/drive.google.com\/drive\/folders\/1m1_aEfP2DF-CJkZayHr2ZactqenQELWX?usp=sharing\" target=\"_blank\" rel=\"noopener\">Materiais Gr\u00e1ficos<\/a><\/p><p>\u21d2 DESCARREGAR <a href=\"https:\/\/www.andancas.net\/site\/galeria\/\" target=\"_blank\" rel=\"noopener\">Galeria de Fotografias<\/a><\/p><p><strong>Para entrevistas e mais informa\u00e7\u00f5es contactar<\/strong><br \/>Joana Ricardo<br \/>joana.ricardo@pedexumbo.com<br \/>Tlf. +351 968 732 868<\/p>\t\t\t\t\t\t\t\t<\/div>\n\t\t\t\t<\/div>\n\t\t\t\t\t<\/div>\n\t\t\t\t<\/div>\n\t\t\t\t<\/div>\n\t\t","protected":false},"excerpt":{"rendered":"<p>\u201cIr ao Andan\u00e7as \u00e9 a experi\u00eancia de viver no Alentejo interior, durante quatro dias!\u201d \u21d2 DESCARREGAR 2_Comunicado de Imprensa \u21d2 DESCARREGAR 1_Comunicado de Imprensa \u21d2 DESCARREGAR Materiais Gr\u00e1ficos \u21d2 DESCARREGAR Galeria de Fotografias Para entrevistas e mais informa\u00e7\u00f5es contactarJoana Ricardojoana.ricardo@pedexumbo.comTlf. +351 968 732 868<\/p>\n","protected":false},"author":1,"featured_media":0,"parent":0,"menu_order":0,"comment_status":"closed","ping_status":"closed","template":"","meta":{"_uf_show_specific_survey":0,"_uf_disable_surveys":false,"footnotes":""},"class_list":["post-9153","page","type-page","status-publish","hentry"],"aioseo_notices":[],"_links":{"self":[{"href":"https:\/\/www.andancas.net\/site\/wp-json\/wp\/v2\/pages\/9153","targetHints":{"allow":["GET"]}}],"collection":[{"href":"https:\/\/www.andancas.net\/site\/wp-json\/wp\/v2\/pages"}],"about":[{"href":"https:\/\/www.andancas.net\/site\/wp-json\/wp\/v2\/types\/page"}],"author":[{"embeddable":true,"href":"https:\/\/www.andancas.net\/site\/wp-json\/wp\/v2\/users\/1"}],"replies":[{"embeddable":true,"href":"https:\/\/www.andancas.net\/site\/wp-json\/wp\/v2\/comments?post=9153"}],"version-history":[{"count":0,"href":"https:\/\/www.andancas.net\/site\/wp-json\/wp\/v2\/pages\/9153\/revisions"}],"wp:attachment":[{"href":"https:\/\/www.andancas.net\/site\/wp-json\/wp\/v2\/media?parent=9153"}],"curies":[{"name":"wp","href":"https:\/\/api.w.org\/{rel}","templated":true}]}}