{"id":8337,"date":"2025-02-12T10:36:54","date_gmt":"2025-02-12T10:36:54","guid":{"rendered":"http:\/\/www.andancas.net\/site\/?page_id=8337"},"modified":"2025-04-16T11:15:03","modified_gmt":"2025-04-16T11:15:03","slug":"projeto-soiltribes","status":"publish","type":"page","link":"https:\/\/www.andancas.net\/site\/projeto-soiltribes\/","title":{"rendered":"PROJETO SOILTRIBES"},"content":{"rendered":"\t\t<div data-elementor-type=\"wp-page\" data-elementor-id=\"8337\" class=\"elementor elementor-8337\" data-elementor-settings=\"{&quot;ha_cmc_init_switcher&quot;:&quot;no&quot;}\">\n\t\t\t\t<div class=\"elementor-element elementor-element-11d081b e-flex e-con-boxed e-con e-parent\" data-id=\"11d081b\" data-element_type=\"container\" data-settings=\"{&quot;_ha_eqh_enable&quot;:false}\">\n\t\t\t\t\t<div class=\"e-con-inner\">\n\t\t<div class=\"elementor-element elementor-element-7e16ca9 e-con-full e-flex e-con e-child\" data-id=\"7e16ca9\" data-element_type=\"container\" data-settings=\"{&quot;_ha_eqh_enable&quot;:false}\">\n\t\t\t\t<div class=\"elementor-element elementor-element-38d4033 elementor-widget elementor-widget-heading\" data-id=\"38d4033\" data-element_type=\"widget\" data-widget_type=\"heading.default\">\n\t\t\t\t<div class=\"elementor-widget-container\">\n\t\t\t\t\t<h2 class=\"elementor-heading-title elementor-size-default\">PROJETO SOILTRIBES<\/h2>\t\t\t\t<\/div>\n\t\t\t\t<\/div>\n\t\t\t\t<div class=\"elementor-element elementor-element-f9d4eae elementor-widget elementor-widget-text-editor\" data-id=\"f9d4eae\" data-element_type=\"widget\" data-widget_type=\"text-editor.default\">\n\t\t\t\t<div class=\"elementor-widget-container\">\n\t\t\t\t\t\t\t\t\t<p><strong>O projeto\u00a0<a href=\"https:\/\/soiltribes.eu\/\" target=\"_blank\" rel=\"noopener\">SoilTribes<\/a>\u00a0come\u00e7ou oficialmente!<\/strong><\/p><p>A\u00a0<a href=\"http:\/\/www.pedexumbo.com\/\" target=\"_blank\" rel=\"noopener\"><strong>P\u00e9deXumbo<\/strong><\/a>\u00a0e o resto do cons\u00f3rcio SoilTribes lan\u00e7aram com sucesso o projeto SoilTribes na reuni\u00e3o de Kick-Off realizada nos dias 21 e 22 de Janeiro de 2025. Este evento reuniu todos os parceiros do projeto para iniciar esta colabora\u00e7\u00e3o e lan\u00e7ar as bases para um trabalho impactante.<\/p><p><strong>O projeto SoilTribes pretende ajudar a alcan\u00e7ar, at\u00e9 2050, uma sociedade com impacto neutro no clima, onde as amea\u00e7as sejam reduzidas a n\u00edveis que j\u00e1 n\u00e3o sejam considerados prejudiciais para a sa\u00fade humana e para os ecossistemas naturais.<\/strong><br \/>A reuni\u00e3o de dois dias serviu como plataforma para:<br \/>\u2192Apresentar os membros do cons\u00f3rcio e as suas fun\u00e7\u00f5es.<br \/>\u2192Descrever os objetivos e o cronograma do projeto, bem como os principais resultados a alcan\u00e7ar.<br \/>\u2192Promover a colabora\u00e7\u00e3o e preparar bases para parcerias impactantes.<\/p><p>A P\u00e9deXumbo orgulha-se de contribuir para este projeto transformador e espera apoiar o seu sucesso.<br \/>Fiquem atent@s pois iremos partilhar mais sobre o nosso envolvimento nesta iniciativa impactante!<\/p><p><strong>Mais informa\u00e7\u00e3o:<br \/><a href=\"https:\/\/soiltribes.eu\/\" target=\"_blank\" rel=\"noopener\">https:\/\/soiltribes.eu\/<\/a><\/strong><br \/><strong><a href=\"https:\/\/inova.business\/casos-de-sucesso\/soiltribes-missao-solo\/\" target=\"_blank\" rel=\"noopener\">https:\/\/inova.business\/casos-de-sucesso\/soiltribes-missao-solo\/<\/a><\/strong><\/p>\t\t\t\t\t\t\t\t<\/div>\n\t\t\t\t<\/div>\n\t\t\t\t<\/div>\n\t\t\t\t<div class=\"elementor-element elementor-element-e430e52 elementor-widget elementor-widget-spacer\" data-id=\"e430e52\" data-element_type=\"widget\" data-widget_type=\"spacer.default\">\n\t\t\t\t<div class=\"elementor-widget-container\">\n\t\t\t\t\t\t\t<div class=\"elementor-spacer\">\n\t\t\t<div class=\"elementor-spacer-inner\"><\/div>\n\t\t<\/div>\n\t\t\t\t\t\t<\/div>\n\t\t\t\t<\/div>\n\t\t<div class=\"elementor-element elementor-element-40a5085 e-con-full e-flex e-con e-child\" data-id=\"40a5085\" data-element_type=\"container\" data-settings=\"{&quot;_ha_eqh_enable&quot;:false}\">\n\t\t\t\t<div class=\"elementor-element elementor-element-638854f elementor-widget elementor-widget-heading\" data-id=\"638854f\" data-element_type=\"widget\" data-widget_type=\"heading.default\">\n\t\t\t\t<div class=\"elementor-widget-container\">\n\t\t\t\t\t<h2 class=\"elementor-heading-title elementor-size-default\">CONVITE PARA INTEGRAR A COMUNIDADE SOILTRIBES<\/h2>\t\t\t\t<\/div>\n\t\t\t\t<\/div>\n\t\t\t\t<div class=\"elementor-element elementor-element-960b4bd elementor-widget elementor-widget-text-editor\" data-id=\"960b4bd\" data-element_type=\"widget\" data-widget_type=\"text-editor.default\">\n\t\t\t\t<div class=\"elementor-widget-container\">\n\t\t\t\t\t\t\t\t\t<p>A sustentabilidade do solo encontra-se num momento cr\u00edtico e precisamos de indiv\u00eddu@s apaixonad@s para impulsionar a mudan\u00e7a. A Community of Practice do Soiltribes (CoP) foi pensada como uma oportunidade para especialistas e inovadores de diferentes \u00e1reas (academia, governo, ind\u00fastria e sociedade civil) para colaborar e co-criar ideias, estrat\u00e9gias e solu\u00e7\u00f5es para moldar o futuro da gest\u00e3o e conserva\u00e7\u00e3o do solo.<br \/>Deste modo, convidamos tod@s @s interessad@s para que se juntem e\/ou divulguem esta Comunidade.<\/p><p>Fazendo parte, contribuir\u00e3o para solu\u00e7\u00f5es inovadoras para o solo, moldar\u00e3o pol\u00edticas e promover\u00e3o a cultura do solo em escala global, mas tamb\u00e9m poder\u00e3o beneficiar de oportunidades exclusivas, como: microbolsas para eventos e festivais ou participa\u00e7\u00e3o paga em eventos importantes do projeto.<\/p><p>Para mais informa\u00e7\u00f5es consultem o <a href=\"https:\/\/www.andancas.net\/site\/wp-content\/uploads\/2025\/04\/Community-of-Practice_Guide-SoilTribes_NewVersion.pdf\" target=\"_blank\" rel=\"noopener\"><strong>guia CoP.<\/strong><\/a><\/p><p>Junt@s &#8211; vamos fazer com que a mudan\u00e7a aconte\u00e7a!<\/p>\t\t\t\t\t\t\t\t<\/div>\n\t\t\t\t<\/div>\n\t\t\t\t<\/div>\n\t\t\t\t\t<\/div>\n\t\t\t\t<\/div>\n\t\t<div class=\"elementor-element elementor-element-d1b8ae4 e-flex e-con-boxed e-con e-parent\" data-id=\"d1b8ae4\" data-element_type=\"container\" data-settings=\"{&quot;_ha_eqh_enable&quot;:false}\">\n\t\t\t\t\t<div class=\"e-con-inner\">\n\t\t<div class=\"elementor-element elementor-element-e1b1a47 e-con-full e-flex e-con e-child\" data-id=\"e1b1a47\" data-element_type=\"container\" data-settings=\"{&quot;_ha_eqh_enable&quot;:false}\">\n\t\t\t\t<div class=\"elementor-element elementor-element-f4b88ff elementor-widget elementor-widget-heading\" data-id=\"f4b88ff\" data-element_type=\"widget\" data-widget_type=\"heading.default\">\n\t\t\t\t<div class=\"elementor-widget-container\">\n\t\t\t\t\t<h2 class=\"elementor-heading-title elementor-size-default\">OPEN CALL<\/h2>\t\t\t\t<\/div>\n\t\t\t\t<\/div>\n\t\t\t\t<div class=\"elementor-element elementor-element-b3a963b elementor-widget elementor-widget-text-editor\" data-id=\"b3a963b\" data-element_type=\"widget\" data-widget_type=\"text-editor.default\">\n\t\t\t\t<div class=\"elementor-widget-container\">\n\t\t\t\t\t\t\t\t\t<p>Aviso para sele\u00e7\u00e3o de quatro artistas para desenvolverem Soil Art Tales dentro do projeto europeu <strong>SOILTRIBES &#8211; Glocal Ecosystems Restoring Soil &#8211; Values, Roles and Connectivity&#8221; \u00a0<\/strong> \u00a0<\/p><p><strong>Data limite:<\/strong> 12h (meio-dia) do dia 6 de mar\u00e7o de 2025.<\/p><p>As inscri\u00e7\u00f5es devem ser enviadas para communication@watermuseums.net especificando no assunto: \u201cSele\u00e7\u00e3o de Artistas \u2013 Soil Art Tales+\u00a0nome do candidato\u201d<\/p><p>Cada candidato\/a receber\u00e1 um e-mail como comprovativo de candidatura.\u00a0O endere\u00e7o utilizado ser\u00e1 o indicado no formul\u00e1rio de candidatura.<\/p><p>Open Call e Formul\u00e1rio de Inscri\u00e7\u00e3o em: <br \/><a href=\"https:\/\/www.watermuseums.net\/media\/news-archive\/notice-of-selection-for-artists-and-an-art-curator-european-project-soil-tribes\/\" target=\"_blank\" rel=\"noopener\">https:\/\/www.watermuseums.net\/media\/news-archive\/notice-of-selection-for-artists-and-an-art-curator-european-project-soil-tribes\/<\/a><\/p>\t\t\t\t\t\t\t\t<\/div>\n\t\t\t\t<\/div>\n\t\t\t\t<div class=\"elementor-element elementor-element-d216912 elementor-align-left elementor-widget elementor-widget-button\" data-id=\"d216912\" data-element_type=\"widget\" data-widget_type=\"button.default\">\n\t\t\t\t<div class=\"elementor-widget-container\">\n\t\t\t\t\t\t\t\t\t<div class=\"elementor-button-wrapper\">\n\t\t\t\t\t<a class=\"elementor-button elementor-button-link elementor-size-sm\" href=\"https:\/\/www.watermuseums.net\/media\/news-archive\/notice-of-selection-for-artists-and-an-art-curator-european-project-soil-tribes\/\">\n\t\t\t\t\t\t<span class=\"elementor-button-content-wrapper\">\n\t\t\t\t\t\t\t\t\t<span class=\"elementor-button-text\">OPEN CALL<\/span>\n\t\t\t\t\t<\/span>\n\t\t\t\t\t<\/a>\n\t\t\t\t<\/div>\n\t\t\t\t\t\t\t\t<\/div>\n\t\t\t\t<\/div>\n\t\t\t\t<\/div>\n\t\t\t\t<div class=\"elementor-element elementor-element-972b5b9 elementor-widget elementor-widget-spacer\" data-id=\"972b5b9\" data-element_type=\"widget\" data-widget_type=\"spacer.default\">\n\t\t\t\t<div class=\"elementor-widget-container\">\n\t\t\t\t\t\t\t<div class=\"elementor-spacer\">\n\t\t\t<div class=\"elementor-spacer-inner\"><\/div>\n\t\t<\/div>\n\t\t\t\t\t\t<\/div>\n\t\t\t\t<\/div>\n\t\t<div class=\"elementor-element elementor-element-99d579f e-con-full e-flex e-con e-child\" data-id=\"99d579f\" data-element_type=\"container\" data-settings=\"{&quot;_ha_eqh_enable&quot;:false}\">\n\t\t\t\t<\/div>\n\t\t\t\t\t<\/div>\n\t\t\t\t<\/div>\n\t\t\t\t<\/div>\n\t\t","protected":false},"excerpt":{"rendered":"<p>PROJETO SOILTRIBES O projeto\u00a0SoilTribes\u00a0come\u00e7ou oficialmente! A\u00a0P\u00e9deXumbo\u00a0e o resto do cons\u00f3rcio SoilTribes lan\u00e7aram com sucesso o projeto SoilTribes na reuni\u00e3o de Kick-Off realizada nos dias 21 e 22 de Janeiro de 2025. Este evento reuniu todos os parceiros do projeto para iniciar esta colabora\u00e7\u00e3o e lan\u00e7ar as bases para um trabalho impactante. O projeto SoilTribes pretende <a href=\"https:\/\/www.andancas.net\/site\/projeto-soiltribes\/\" class=\"more-link\">&#8230;<span class=\"screen-reader-text\">  PROJETO SOILTRIBES<\/span><\/a><\/p>\n","protected":false},"author":1,"featured_media":8227,"parent":0,"menu_order":0,"comment_status":"closed","ping_status":"closed","template":"","meta":{"_uf_show_specific_survey":0,"_uf_disable_surveys":false,"footnotes":""},"class_list":["post-8337","page","type-page","status-publish","has-post-thumbnail","hentry"],"aioseo_notices":[],"_links":{"self":[{"href":"https:\/\/www.andancas.net\/site\/wp-json\/wp\/v2\/pages\/8337","targetHints":{"allow":["GET"]}}],"collection":[{"href":"https:\/\/www.andancas.net\/site\/wp-json\/wp\/v2\/pages"}],"about":[{"href":"https:\/\/www.andancas.net\/site\/wp-json\/wp\/v2\/types\/page"}],"author":[{"embeddable":true,"href":"https:\/\/www.andancas.net\/site\/wp-json\/wp\/v2\/users\/1"}],"replies":[{"embeddable":true,"href":"https:\/\/www.andancas.net\/site\/wp-json\/wp\/v2\/comments?post=8337"}],"version-history":[{"count":0,"href":"https:\/\/www.andancas.net\/site\/wp-json\/wp\/v2\/pages\/8337\/revisions"}],"wp:featuredmedia":[{"embeddable":true,"href":"https:\/\/www.andancas.net\/site\/wp-json\/wp\/v2\/media\/8227"}],"wp:attachment":[{"href":"https:\/\/www.andancas.net\/site\/wp-json\/wp\/v2\/media?parent=8337"}],"curies":[{"name":"wp","href":"https:\/\/api.w.org\/{rel}","templated":true}]}}