{"id":7905,"date":"2025-01-02T11:17:02","date_gmt":"2025-01-02T11:17:02","guid":{"rendered":"http:\/\/www.andancas.net\/site\/?page_id=7905"},"modified":"2025-08-21T11:41:09","modified_gmt":"2025-08-21T11:41:09","slug":"organization-and-partners","status":"publish","type":"page","link":"https:\/\/www.andancas.net\/site\/en\/organization-and-partners\/","title":{"rendered":"ORGANIZATION AND PARTNERS"},"content":{"rendered":"\t\t<div data-elementor-type=\"wp-page\" data-elementor-id=\"7905\" class=\"elementor elementor-7905\" data-elementor-settings=\"{&quot;ha_cmc_init_switcher&quot;:&quot;no&quot;}\">\n\t\t\t\t<div class=\"elementor-element elementor-element-c35c625 e-flex e-con-boxed e-con e-parent\" data-id=\"c35c625\" data-element_type=\"container\" data-settings=\"{&quot;_ha_eqh_enable&quot;:false}\">\n\t\t\t\t\t<div class=\"e-con-inner\">\n\t\t\t\t<div class=\"elementor-element elementor-element-8f9a1a0 elementor-widget elementor-widget-heading\" data-id=\"8f9a1a0\" data-element_type=\"widget\" data-widget_type=\"heading.default\">\n\t\t\t\t<div class=\"elementor-widget-container\">\n\t\t\t\t\t<h2 class=\"elementor-heading-title elementor-size-default\">P\u00c9DEXUMBO ASSOCIATION<\/h2>\t\t\t\t<\/div>\n\t\t\t\t<\/div>\n\t\t\t\t\t<\/div>\n\t\t\t\t<\/div>\n\t\t<div class=\"elementor-element elementor-element-2008574 e-flex e-con-boxed e-con e-parent\" data-id=\"2008574\" data-element_type=\"container\" data-settings=\"{&quot;_ha_eqh_enable&quot;:false}\">\n\t\t\t\t\t<div class=\"e-con-inner\">\n\t\t\t\t<div class=\"elementor-element elementor-element-0f4f904 elementor-widget elementor-widget-text-editor\" data-id=\"0f4f904\" data-element_type=\"widget\" data-widget_type=\"text-editor.default\">\n\t\t\t\t<div class=\"elementor-widget-container\">\n\t\t\t\t\t\t\t\t\t<h3><strong><span style=\"color: #f7931e;\">DANCING FOR 26 YEARS&#8230;<\/span><\/strong><\/h3><p>Andan\u00e7as has been organized by the P\u00e9deXumbo Association since 1996. P\u00e9deXumbo, the Association for the Promotion of Music and Dance (PX), was founded in 1998 to provide a legal framework for the Andan\u00e7as Festival, which was created in 1996 by a group of young Portuguese people.<\/p><p>Until 2007, PX experienced unstoppable growth, making new artistic forms known based on the practice of ballroom and European dances, which were previously unknown in Portugal. At the same time, it was promoting the professionalization of artists and increasing the supply of traditional dance in Portugal. The Association itself became more professional, expanding its activities throughout the country, multiplying festivals, training and recreational activities.<\/p><p>In \u00c9vora, where it is based, it has been possible to develop more in-depth pedagogical work. In order to understand the scope of PX, it is necessary to talk about world dances, but to keep a distance from the revivalism that took place in other European countries: in Portugal, integration, especially with Lusophone cultures, is very strong, and P\u00e9deXumbo has safeguarded this wealth.<\/p><p>From 2007 onwards, P\u00e9deXumbo began a phase of retaining its audience, but also of attracting new ones, with the publication of DVDs and books on traditional dance and the programming of musical projects with national premieres. But it was above all with new creations that the association innovated. It has used the programming of festivals to propose new artistic productions, working on the traditional Portuguese choreographic repertoire, while at the same time trying to integrate the practice of baile in new cultural spaces and cross traditional dances with other arts. Instead of creating a new dance company, he invested in the performing arts, including the public in the creation and thus maintaining the most important aspect of baile: everyone&#8217;s participation.<\/p><p>The concern with recording Portuguese choreographic practices, which has accompanied P\u00e9deXumbo since its inception, also took on a different form: initially based on learning traditional dances directly, P\u00e9deXumbo began to invest financially in records that could feed new productions. In turn, this investment has led the association to think of ways to monetize and value this Intangible Cultural Heritage on the Internet, increasing its dissemination.<\/p><h3><span style=\"color: #f7931e;\"><strong>PX LETTER OF COMMITMENT<\/strong><\/span><\/h3><p>Believing that it is possible to contribute to a better world and more sustainable ways of life, P\u00e9deXumbo, as a socio-cultural agent, is committed to ensuring an attentive and responsible attitude in all its activities. This attitude is based on four pillars &#8211; social, cultural, environmental and economic &#8211; and is guided by the following practical principles, which represent our conscious way of being in life:<\/p><p>01. JOY, WELL-BEING AND CELEBRATION OF LIFE<br \/>02. CONNECTION WITH AND RESPECT FOR NATURE<br \/>03. CULTURE OF COMMUNICATION AND PARTICIPATION<br \/>04. SIMPLICITY AND CREATIVITY<br \/>05. INTEGRAL EDUCATION AND DEVELOPMENT OF CONSCIENCE<br \/>06. GOOD USE OF RESOURCES AND LOCAL ECONOMY<br \/>07. REDUCING THE ECOLOGICAL FOOTPRINT<br \/>08. ORGANIZATIONAL CULTURE AND RESPONSIBLE LIFESTYLES<br \/>09. SOCIAL RESPONSIBILITY AND COMMUNITY DEVELOPMENT<br \/>10. MULTICULTURAL GLOBAL VILLAGE<br \/>*Approved at the Ordinary General Meeting on May 29, 2011<\/p><p><a href=\"http:\/\/www.pedexumbo.com\" target=\"_blank\" rel=\"noopener\">www.pedexumbo.com<\/a><\/p>\t\t\t\t\t\t\t\t<\/div>\n\t\t\t\t<\/div>\n\t\t\t\t<div class=\"elementor-element elementor-element-28f1c75 elementor-widget elementor-widget-spacer\" data-id=\"28f1c75\" data-element_type=\"widget\" data-widget_type=\"spacer.default\">\n\t\t\t\t<div class=\"elementor-widget-container\">\n\t\t\t\t\t\t\t<div class=\"elementor-spacer\">\n\t\t\t<div class=\"elementor-spacer-inner\"><\/div>\n\t\t<\/div>\n\t\t\t\t\t\t<\/div>\n\t\t\t\t<\/div>\n\t\t\t\t\t<\/div>\n\t\t\t\t<\/div>\n\t\t<div class=\"elementor-element elementor-element-f73f27a e-flex e-con-boxed e-con e-parent\" data-id=\"f73f27a\" data-element_type=\"container\" data-settings=\"{&quot;_ha_eqh_enable&quot;:false}\">\n\t\t\t\t\t<div class=\"e-con-inner\">\n\t\t\t\t<div class=\"elementor-element elementor-element-2976436 elementor-widget elementor-widget-heading\" data-id=\"2976436\" data-element_type=\"widget\" data-widget_type=\"heading.default\">\n\t\t\t\t<div class=\"elementor-widget-container\">\n\t\t\t\t\t<h2 class=\"elementor-heading-title elementor-size-default\">PARTNERS<\/h2>\t\t\t\t<\/div>\n\t\t\t\t<\/div>\n\t\t\t\t\t<\/div>\n\t\t\t\t<\/div>\n\t\t<div class=\"elementor-element elementor-element-3bceb72 e-flex e-con-boxed e-con e-parent\" data-id=\"3bceb72\" data-element_type=\"container\" data-settings=\"{&quot;_ha_eqh_enable&quot;:false}\">\n\t\t\t\t\t<div class=\"e-con-inner\">\n\t\t\t\t<div class=\"elementor-element elementor-element-7820cf8 elementor-widget elementor-widget-text-editor\" data-id=\"7820cf8\" data-element_type=\"widget\" data-widget_type=\"text-editor.default\">\n\t\t\t\t<div class=\"elementor-widget-container\">\n\t\t\t\t\t\t\t\t\t<p>Andan\u00e7as is a festival organized by Associa\u00e7\u00e3o P\u00e9deXumbo, a structure funded by the Portuguese Republic \u2013 Culture, Directorate-General for the Arts, and supported by the Municipality of Reguengos de Monsaraz, the Union of Parishes of Campo and Campinho, and the Associa\u00e7\u00e3o Gente Nova de Campinho.<\/p><p>In 2025, the festival is funded by the European Union through the SoilTribes project, by the Caixa Cultura Program, and by INATEL through the Inatel Culture and Sports Support Plan.<\/p><p>Andan\u00e7as also counts on the partnership of the Activity and Inclusion Center of Santa Casa da Miseric\u00f3rdia de Reguengos de Monsaraz, Municipality of Portel, Turismo do Alentejo, Lisboa Poss\u00edvel, Cicloficina dos Anjos, University of \u00c9vora, Observat\u00f3rio do Lago Alqueva, EDIA, Cision, and Rede Expressos.<\/p><p>Official Radio: Antena 1.<\/p><p>\u00a0<\/p>\t\t\t\t\t\t\t\t<\/div>\n\t\t\t\t<\/div>\n\t\t\t\t\t<\/div>\n\t\t\t\t<\/div>\n\t\t<div class=\"elementor-element elementor-element-1f16393 e-flex e-con-boxed e-con e-parent\" data-id=\"1f16393\" data-element_type=\"container\" data-settings=\"{&quot;_ha_eqh_enable&quot;:false}\">\n\t\t\t\t\t<div class=\"e-con-inner\">\n\t\t\t\t<div class=\"elementor-element elementor-element-51750a4 elementor-widget elementor-widget-image\" data-id=\"51750a4\" data-element_type=\"widget\" data-widget_type=\"image.default\">\n\t\t\t\t<div class=\"elementor-widget-container\">\n\t\t\t\t\t\t\t\t\t\t\t\t\t\t\t<img fetchpriority=\"high\" decoding=\"async\" width=\"8123\" height=\"643\" src=\"https:\/\/www.andancas.net\/site\/wp-content\/uploads\/2025\/04\/fundo-02.png\" class=\"attachment-full size-full wp-image-8943\" alt=\"\" srcset=\"https:\/\/www.andancas.net\/site\/wp-content\/uploads\/2025\/04\/fundo-02.png 8123w, https:\/\/www.andancas.net\/site\/wp-content\/uploads\/2025\/04\/fundo-02-300x24.png 300w, https:\/\/www.andancas.net\/site\/wp-content\/uploads\/2025\/04\/fundo-02-1024x81.png 1024w\" sizes=\"(max-width: 8123px) 100vw, 8123px\" \/>\t\t\t\t\t\t\t\t\t\t\t\t\t\t\t<\/div>\n\t\t\t\t<\/div>\n\t\t\t\t\t<\/div>\n\t\t\t\t<\/div>\n\t\t\t\t<\/div>\n\t\t","protected":false},"excerpt":{"rendered":"<p>P\u00c9DEXUMBO ASSOCIATION DANCING FOR 26 YEARS&#8230; Andan\u00e7as has been organized by the P\u00e9deXumbo Association since 1996. P\u00e9deXumbo, the Association for the Promotion of Music and Dance (PX), was founded in 1998 to provide a legal framework for the Andan\u00e7as Festival, which was created in 1996 by a group of young Portuguese people. Until 2007, PX <a href=\"https:\/\/www.andancas.net\/site\/en\/organization-and-partners\/\" class=\"more-link\">&#8230;<span class=\"screen-reader-text\">  ORGANIZATION AND PARTNERS<\/span><\/a><\/p>\n","protected":false},"author":1,"featured_media":7586,"parent":0,"menu_order":0,"comment_status":"closed","ping_status":"closed","template":"","meta":{"_uf_show_specific_survey":0,"_uf_disable_surveys":false,"footnotes":""},"class_list":["post-7905","page","type-page","status-publish","has-post-thumbnail","hentry"],"aioseo_notices":[],"_links":{"self":[{"href":"https:\/\/www.andancas.net\/site\/wp-json\/wp\/v2\/pages\/7905","targetHints":{"allow":["GET"]}}],"collection":[{"href":"https:\/\/www.andancas.net\/site\/wp-json\/wp\/v2\/pages"}],"about":[{"href":"https:\/\/www.andancas.net\/site\/wp-json\/wp\/v2\/types\/page"}],"author":[{"embeddable":true,"href":"https:\/\/www.andancas.net\/site\/wp-json\/wp\/v2\/users\/1"}],"replies":[{"embeddable":true,"href":"https:\/\/www.andancas.net\/site\/wp-json\/wp\/v2\/comments?post=7905"}],"version-history":[{"count":0,"href":"https:\/\/www.andancas.net\/site\/wp-json\/wp\/v2\/pages\/7905\/revisions"}],"wp:featuredmedia":[{"embeddable":true,"href":"https:\/\/www.andancas.net\/site\/wp-json\/wp\/v2\/media\/7586"}],"wp:attachment":[{"href":"https:\/\/www.andancas.net\/site\/wp-json\/wp\/v2\/media?parent=7905"}],"curies":[{"name":"wp","href":"https:\/\/api.w.org\/{rel}","templated":true}]}}