{"id":7865,"date":"2025-01-02T10:36:38","date_gmt":"2025-01-02T10:36:38","guid":{"rendered":"http:\/\/www.andancas.net\/site\/?page_id=7865"},"modified":"2025-08-04T15:47:01","modified_gmt":"2025-08-04T15:47:01","slug":"sustainability","status":"publish","type":"page","link":"https:\/\/www.andancas.net\/site\/en\/sustainability\/","title":{"rendered":"SUSTAINABILITY"},"content":{"rendered":"\t\t<div data-elementor-type=\"wp-page\" data-elementor-id=\"7865\" class=\"elementor elementor-7865\" data-elementor-settings=\"{&quot;ha_cmc_init_switcher&quot;:&quot;no&quot;}\">\n\t\t\t\t<div class=\"elementor-element elementor-element-d600d49 e-flex e-con-boxed e-con e-parent\" data-id=\"d600d49\" data-element_type=\"container\" data-settings=\"{&quot;_ha_eqh_enable&quot;:false}\">\n\t\t\t\t\t<div class=\"e-con-inner\">\n\t\t<div class=\"elementor-element elementor-element-f749ccd e-con-full e-flex e-con e-child\" data-id=\"f749ccd\" data-element_type=\"container\" data-settings=\"{&quot;_ha_eqh_enable&quot;:false}\">\n\t\t\t\t<div class=\"elementor-element elementor-element-0d77346 elementor-widget elementor-widget-text-editor\" data-id=\"0d77346\" data-element_type=\"widget\" data-widget_type=\"text-editor.default\">\n\t\t\t\t<div class=\"elementor-widget-container\">\n\t\t\t\t\t\t\t\t\t<h3><span style=\"color: #f7931e;\">OUR APPROACH<\/span><\/h3><p>Andan\u00e7as promotes a holistic vision and considers the whole life cycle of products and services, from production processes to consumption. With our idealized objective of \u201czero waste\u201d we are trying to contribute to more sustainable consumption habits and life styles.<\/p><h4>PRINCIPLES AND COMPROMISES<\/h4><p>At P\u00e9deXumbo are aware that any event of large dimensions has considerable environmental, social and economic impacts \u2013 even cultural events like a festival. Therefore we are striving to be aware of, and reduce, possible negative impacts of Andan\u00e7as. We choose to adopt best practices and apply them in a continuous and progressive way.<\/p><h4>OUR OBJECTIVES ARE:<\/h4><p>1. To reduce negative local and global impacts, having the festival touching the planet with the smallest and lightest footprint possible.<\/p><p>2. To create local and regional changes towards sustainability, by introducing best practices which will take root and bear fruit.<\/p><p>3. To spread principles and practices which our participants will take home with them, like seeds ready to sprout and flourish in other places, in their day-to-day life. With only small changes in our behavior we can make the world a fairer and more sustainable place with more solidarity.<\/p><p><strong>We invite you to come and experiment, and share Andan\u00e7as in all its aspects.<\/strong><\/p>\t\t\t\t\t\t\t\t<\/div>\n\t\t\t\t<\/div>\n\t\t\t\t<\/div>\n\t\t\t\t<div class=\"elementor-element elementor-element-95298a9 elementor-widget elementor-widget-spacer\" data-id=\"95298a9\" data-element_type=\"widget\" data-widget_type=\"spacer.default\">\n\t\t\t\t<div class=\"elementor-widget-container\">\n\t\t\t\t\t\t\t<div class=\"elementor-spacer\">\n\t\t\t<div class=\"elementor-spacer-inner\"><\/div>\n\t\t<\/div>\n\t\t\t\t\t\t<\/div>\n\t\t\t\t<\/div>\n\t\t<div class=\"elementor-element elementor-element-98226f7 e-con-full e-flex e-con e-child\" data-id=\"98226f7\" data-element_type=\"container\" data-settings=\"{&quot;_ha_eqh_enable&quot;:false}\">\n\t\t\t\t<div class=\"elementor-element elementor-element-7fa054c elementor-widget elementor-widget-text-editor\" data-id=\"7fa054c\" data-element_type=\"widget\" data-widget_type=\"text-editor.default\">\n\t\t\t\t<div class=\"elementor-widget-container\">\n\t\t\t\t\t\t\t\t\t<h3><span style=\"color: #f7931e;\"><strong>ZERO WASTE<\/strong><\/span><\/h3><h4>ZERO DISPOSABLES<\/h4><p>At Andan\u00e7as we do not use disposable dishes \u2013 there are no single-use plastic cups, plates or cutlery. We have re-usable mugs for each participant, and plates and cutlery are washed after meals.<\/p><p>The mug is a symbol of Andan\u00e7as and P\u00e9deXumbo. Bring your own cup from home, with a capacity of up to 20 cl (material and shape are up to you). Alternatively you can get one at the festival for a small deposit. At the end you can return the mug and get your money back.<\/p><p>To reduce use of plastic water bottles we provide drink water taps. Besides, we encourage the sale of pressurized drinks like beer from tap. We also promote the use of sugar cups instead of individually packed sugar, and the use of wooden disposable sticks for stirring coffee.<\/p><h4>ZERO WASTE OF WATER<\/h4><p>Water is a precious and scarce resource. At Andan\u00e7as we promote responsible use of water and encourage water saving. We are using automatic taps to avoid waste of water.<\/p><h4>ZERO WASTE OF FOOD \u2013 THE RIGHT PORTION!<\/h4><p>At Andan\u00e7as we strive to reduce food waste by encouraging people to take only the quantity of food they need \u2013 the right portion, or \u201cDose Certa\u201d.<\/p>\t\t\t\t\t\t\t\t<\/div>\n\t\t\t\t<\/div>\n\t\t\t\t<\/div>\n\t\t\t\t<div class=\"elementor-element elementor-element-14e37bb elementor-widget elementor-widget-spacer\" data-id=\"14e37bb\" data-element_type=\"widget\" data-widget_type=\"spacer.default\">\n\t\t\t\t<div class=\"elementor-widget-container\">\n\t\t\t\t\t\t\t<div class=\"elementor-spacer\">\n\t\t\t<div class=\"elementor-spacer-inner\"><\/div>\n\t\t<\/div>\n\t\t\t\t\t\t<\/div>\n\t\t\t\t<\/div>\n\t\t<div class=\"elementor-element elementor-element-343a2eb e-con-full e-flex e-con e-child\" data-id=\"343a2eb\" data-element_type=\"container\" data-settings=\"{&quot;_ha_eqh_enable&quot;:false}\">\n\t\t\t\t<div class=\"elementor-element elementor-element-376c943 elementor-widget elementor-widget-text-editor\" data-id=\"376c943\" data-element_type=\"widget\" data-widget_type=\"text-editor.default\">\n\t\t\t\t<div class=\"elementor-widget-container\">\n\t\t\t\t\t\t\t\t\t<h3><span style=\"color: #f7931e;\">BETTER HABITS<\/span><\/h3><h4>MAKING A HABIT OF USING SUSTAINABLE WAYS OF TRANSPORT<\/h4><p>Using public transport or car sharing has innumerable advantages, economically, environmentally (like reduction of emissions and energy consumption), and socially. At Andan\u00e7as we try to show that these are viable options: public transport to the festival, getting a lift among friends or via online platforms. Above all, it is a question of conscience, motivation and planning ahead.<\/p><h4>MAKING A HABIT OF RE-USING<\/h4><p>It is easy to give a longer life to objects that surround us. This way we can avoid waste, save natural resources and energy used in the production process. At Andan\u00e7as we try to bring this message across by encouraging each participant to personalize their mug and to re-use it at our other events. We also remind, that water bottles can be refilled with tap water and that dishes should be reusable. We also avoid merchandising.<\/p><h4>MAKING A HABIT OF RECYCLING<\/h4><p>Nowadays recycling is a habit for most people. At Andan\u00e7as we collect different types of waste separately for recycling. Our mini recycling centres for packing material are distributed throughout the festival area. Organic waste is collected separately for local composting.<\/p><h4>MAKING A HABIT OF USING AN ASHTRAY<\/h4><p>If you are a smoker, consider to bring a pocket ashtray with you, or get one at the festival. We have several alternatives available. The idea is to create a habit of it, so cigarette butts will not end up on the floor \u2013 at the festival, but also afterwards.<\/p>\t\t\t\t\t\t\t\t<\/div>\n\t\t\t\t<\/div>\n\t\t\t\t<\/div>\n\t\t\t\t<div class=\"elementor-element elementor-element-ce7aa8a elementor-widget elementor-widget-spacer\" data-id=\"ce7aa8a\" data-element_type=\"widget\" data-widget_type=\"spacer.default\">\n\t\t\t\t<div class=\"elementor-widget-container\">\n\t\t\t\t\t\t\t<div class=\"elementor-spacer\">\n\t\t\t<div class=\"elementor-spacer-inner\"><\/div>\n\t\t<\/div>\n\t\t\t\t\t\t<\/div>\n\t\t\t\t<\/div>\n\t\t<div class=\"elementor-element elementor-element-99917e6 e-con-full e-flex e-con e-child\" data-id=\"99917e6\" data-element_type=\"container\" data-settings=\"{&quot;_ha_eqh_enable&quot;:false}\">\n\t\t\t\t<div class=\"elementor-element elementor-element-79a936b elementor-widget elementor-widget-text-editor\" data-id=\"79a936b\" data-element_type=\"widget\" data-widget_type=\"text-editor.default\">\n\t\t\t\t<div class=\"elementor-widget-container\">\n\t\t\t\t\t\t\t\t\t<h3><span style=\"color: #f7931e;\">LOCAL <\/span><span style=\"color: #f7931e;\">ECONOMY<\/span><\/h3><h4>ZERO-KILOMETER MENU<\/h4><p>At Andan\u00e7as we use local providers whenever possible. Meals are prepared with locally produced ingredients. Our objective is to support local economy, but also to reduce the ecological footprint, and to avoid unnecessary food costs.<\/p><h4>PORTUGUESE PRODUCTS<\/h4><p>We want to support national production and creativity, and look for products and services of highest sustainability and quality. We believe that Andan\u00e7as plays an active part in raising awareness and influencing the market (producers, suppliers and consumers). We show that there is a demand and a place for sustainable alternatives, and for innovative companies which share our vision.<\/p><h4>RENEWABLE ENERGY<\/h4><p>Portugal has plenty of renewable energy sources, like the sun, wind and the sea. Besides our concern about reducing energy consumption and increasing energy efficiency, we also try to share knowledge of alternative energy sources at Andan\u00e7as, especially related to solar energy: for lighting, water heating, or cooking (for example in solar ovens).<\/p>\t\t\t\t\t\t\t\t<\/div>\n\t\t\t\t<\/div>\n\t\t\t\t<\/div>\n\t\t\t\t\t<\/div>\n\t\t\t\t<\/div>\n\t\t<div class=\"elementor-element elementor-element-6e808a2 e-flex e-con-boxed e-con e-parent\" data-id=\"6e808a2\" data-element_type=\"container\" data-settings=\"{&quot;_ha_eqh_enable&quot;:false}\">\n\t\t\t\t\t<div class=\"e-con-inner\">\n\t\t<div class=\"elementor-element elementor-element-0c297e6 e-con-full e-flex e-con e-child\" data-id=\"0c297e6\" data-element_type=\"container\" data-settings=\"{&quot;_ha_eqh_enable&quot;:false}\">\n\t\t\t\t<div class=\"elementor-element elementor-element-adefc93 elementor-widget elementor-widget-image\" data-id=\"adefc93\" data-element_type=\"widget\" data-widget_type=\"image.default\">\n\t\t\t\t<div class=\"elementor-widget-container\">\n\t\t\t\t\t\t\t\t\t\t\t\t\t\t\t<img fetchpriority=\"high\" decoding=\"async\" width=\"1024\" height=\"682\" src=\"https:\/\/www.andancas.net\/site\/wp-content\/uploads\/2024\/12\/EDL_8949-1-1024x682.jpg\" class=\"attachment-large size-large wp-image-7806\" alt=\"\" srcset=\"https:\/\/www.andancas.net\/site\/wp-content\/uploads\/2024\/12\/EDL_8949-1-1024x682.jpg 1024w, https:\/\/www.andancas.net\/site\/wp-content\/uploads\/2024\/12\/EDL_8949-1-300x200.jpg 300w, https:\/\/www.andancas.net\/site\/wp-content\/uploads\/2024\/12\/EDL_8949-1.jpg 1400w\" sizes=\"(max-width: 1024px) 100vw, 1024px\" \/>\t\t\t\t\t\t\t\t\t\t\t\t\t\t\t<\/div>\n\t\t\t\t<\/div>\n\t\t\t\t<\/div>\n\t\t<div class=\"elementor-element elementor-element-d011636 e-con-full e-flex e-con e-child\" data-id=\"d011636\" data-element_type=\"container\" data-settings=\"{&quot;_ha_eqh_enable&quot;:false}\">\n\t\t\t\t<div class=\"elementor-element elementor-element-0daf68d elementor-widget elementor-widget-image\" data-id=\"0daf68d\" data-element_type=\"widget\" data-widget_type=\"image.default\">\n\t\t\t\t<div class=\"elementor-widget-container\">\n\t\t\t\t\t\t\t\t\t\t\t\t\t\t\t<img decoding=\"async\" width=\"1024\" height=\"682\" src=\"https:\/\/www.andancas.net\/site\/wp-content\/uploads\/2024\/12\/Design-sem-nome-1-1024x682.png\" class=\"attachment-large size-large wp-image-7808\" alt=\"\" srcset=\"https:\/\/www.andancas.net\/site\/wp-content\/uploads\/2024\/12\/Design-sem-nome-1-1024x682.png 1024w, https:\/\/www.andancas.net\/site\/wp-content\/uploads\/2024\/12\/Design-sem-nome-1-300x200.png 300w, https:\/\/www.andancas.net\/site\/wp-content\/uploads\/2024\/12\/Design-sem-nome-1.png 1400w\" sizes=\"(max-width: 1024px) 100vw, 1024px\" \/>\t\t\t\t\t\t\t\t\t\t\t\t\t\t\t<\/div>\n\t\t\t\t<\/div>\n\t\t\t\t<\/div>\n\t\t<div class=\"elementor-element elementor-element-157cd19 e-con-full e-flex e-con e-child\" data-id=\"157cd19\" data-element_type=\"container\" data-settings=\"{&quot;_ha_eqh_enable&quot;:false}\">\n\t\t\t\t<div class=\"elementor-element elementor-element-a65c521 elementor-widget elementor-widget-image\" data-id=\"a65c521\" data-element_type=\"widget\" data-widget_type=\"image.default\">\n\t\t\t\t<div class=\"elementor-widget-container\">\n\t\t\t\t\t\t\t\t\t\t\t\t\t\t\t<img decoding=\"async\" width=\"848\" height=\"565\" src=\"https:\/\/www.andancas.net\/site\/wp-content\/uploads\/2024\/12\/festival-andancas_casas-de-banho-secas-848x565-1.jpg\" class=\"attachment-large size-large wp-image-7813\" alt=\"\" srcset=\"https:\/\/www.andancas.net\/site\/wp-content\/uploads\/2024\/12\/festival-andancas_casas-de-banho-secas-848x565-1.jpg 848w, https:\/\/www.andancas.net\/site\/wp-content\/uploads\/2024\/12\/festival-andancas_casas-de-banho-secas-848x565-1-300x200.jpg 300w\" sizes=\"(max-width: 848px) 100vw, 848px\" \/>\t\t\t\t\t\t\t\t\t\t\t\t\t\t\t<\/div>\n\t\t\t\t<\/div>\n\t\t\t\t<\/div>\n\t\t<div class=\"elementor-element elementor-element-10151fa e-con-full e-flex e-con e-child\" data-id=\"10151fa\" data-element_type=\"container\" data-settings=\"{&quot;_ha_eqh_enable&quot;:false}\">\n\t\t\t\t<div class=\"elementor-element elementor-element-c4cc81a elementor-widget elementor-widget-image\" data-id=\"c4cc81a\" data-element_type=\"widget\" data-widget_type=\"image.default\">\n\t\t\t\t<div class=\"elementor-widget-container\">\n\t\t\t\t\t\t\t\t\t\t\t\t\t\t\t<img loading=\"lazy\" decoding=\"async\" width=\"1024\" height=\"683\" src=\"https:\/\/www.andancas.net\/site\/wp-content\/uploads\/2024\/12\/110-Fotojonic-andancas2016f-1024x683.jpg\" class=\"attachment-large size-large wp-image-7809\" alt=\"\" srcset=\"https:\/\/www.andancas.net\/site\/wp-content\/uploads\/2024\/12\/110-Fotojonic-andancas2016f-1024x683.jpg 1024w, https:\/\/www.andancas.net\/site\/wp-content\/uploads\/2024\/12\/110-Fotojonic-andancas2016f-300x200.jpg 300w, https:\/\/www.andancas.net\/site\/wp-content\/uploads\/2024\/12\/110-Fotojonic-andancas2016f.jpg 1500w\" sizes=\"(max-width: 1024px) 100vw, 1024px\" \/>\t\t\t\t\t\t\t\t\t\t\t\t\t\t\t<\/div>\n\t\t\t\t<\/div>\n\t\t\t\t<\/div>\n\t\t\t\t\t<\/div>\n\t\t\t\t<\/div>\n\t\t<div class=\"elementor-element elementor-element-19ed8fb e-flex e-con-boxed e-con e-parent\" data-id=\"19ed8fb\" data-element_type=\"container\" data-settings=\"{&quot;_ha_eqh_enable&quot;:false}\">\n\t\t\t\t\t<div class=\"e-con-inner\">\n\t\t\t\t<div class=\"elementor-element elementor-element-f6f1a5f elementor-widget elementor-widget-spacer\" data-id=\"f6f1a5f\" data-element_type=\"widget\" data-widget_type=\"spacer.default\">\n\t\t\t\t<div class=\"elementor-widget-container\">\n\t\t\t\t\t\t\t<div class=\"elementor-spacer\">\n\t\t\t<div class=\"elementor-spacer-inner\"><\/div>\n\t\t<\/div>\n\t\t\t\t\t\t<\/div>\n\t\t\t\t<\/div>\n\t\t\t\t<div class=\"elementor-element elementor-element-cab0820 elementor-widget elementor-widget-heading\" data-id=\"cab0820\" data-element_type=\"widget\" data-widget_type=\"heading.default\">\n\t\t\t\t<div class=\"elementor-widget-container\">\n\t\t\t\t\t<h2 class=\"elementor-heading-title elementor-size-default\">BEING SUSTAINABLE IN ANDAN\u00c7AS IS\u2026<\/h2>\t\t\t\t<\/div>\n\t\t\t\t<\/div>\n\t\t\t\t\t<\/div>\n\t\t\t\t<\/div>\n\t\t<div class=\"elementor-element elementor-element-cbc46c6 e-flex e-con-boxed e-con e-parent\" data-id=\"cbc46c6\" data-element_type=\"container\" data-settings=\"{&quot;_ha_eqh_enable&quot;:false}\">\n\t\t\t\t\t<div class=\"e-con-inner\">\n\t\t<div class=\"elementor-element elementor-element-5735c2d e-con-full e-flex e-con e-child\" data-id=\"5735c2d\" data-element_type=\"container\" data-settings=\"{&quot;_ha_eqh_enable&quot;:false}\">\n\t\t\t\t<div class=\"elementor-element elementor-element-a321d94 elementor-widget elementor-widget-text-editor\" data-id=\"a321d94\" data-element_type=\"widget\" data-widget_type=\"text-editor.default\">\n\t\t\t\t<div class=\"elementor-widget-container\">\n\t\t\t\t\t\t\t\t\t<p style=\"text-align: center;\"><b>Using the Andan\u00e7as Mug and saying no to plastic and disposables! It is saying yes to re-using as a habit.<br \/><\/b>The mug is an icon of Andan\u00e7as and of P\u00e9dexumbo. We ask all participants to bring their own mug (with a capacity of up to 20 cl) from home. In case you do not have one, you can buy it from Canec\u00e1rio or by the meal points.\u00a0<\/p><p style=\"text-align: center;\"><b>#zerodisposable<\/b><\/p>\t\t\t\t\t\t\t\t<\/div>\n\t\t\t\t<\/div>\n\t\t\t\t<\/div>\n\t\t<div class=\"elementor-element elementor-element-4cd6fbc e-con-full e-flex e-con e-child\" data-id=\"4cd6fbc\" data-element_type=\"container\" data-settings=\"{&quot;_ha_eqh_enable&quot;:false}\">\n\t\t\t\t<div class=\"elementor-element elementor-element-ea885bf elementor-widget elementor-widget-text-editor\" data-id=\"ea885bf\" data-element_type=\"widget\" data-widget_type=\"text-editor.default\">\n\t\t\t\t<div class=\"elementor-widget-container\">\n\t\t\t\t\t\t\t\t\t<p style=\"text-align: center;\"><b>Going in the Andan\u00e7as<\/b>\u00a0<b>Bus<\/b>\u00a0for the tours of this edition of \u00abA Caminhar para o Andan\u00e7as\u00bb, in accordance with the departure time and place indicated in the program. We should avoid going in our own car for more sustainable mobility, with economic and environmental advantages!\u00a0<\/p><p style=\"text-align: center;\">\u00a0<\/p><p style=\"text-align: center;\"><b>\u00a0#sustainablemobility<\/b><\/p><p style=\"text-align: center;\">\u00a0<\/p>\t\t\t\t\t\t\t\t<\/div>\n\t\t\t\t<\/div>\n\t\t\t\t<\/div>\n\t\t<div class=\"elementor-element elementor-element-d6064e9 e-con-full e-flex e-con e-child\" data-id=\"d6064e9\" data-element_type=\"container\" data-settings=\"{&quot;_ha_eqh_enable&quot;:false}\">\n\t\t\t\t<div class=\"elementor-element elementor-element-7bcc533 elementor-widget elementor-widget-text-editor\" data-id=\"7bcc533\" data-element_type=\"widget\" data-widget_type=\"text-editor.default\">\n\t\t\t\t<div class=\"elementor-widget-container\">\n\t\t\t\t\t\t\t\t\t<p style=\"text-align: center;\"><b>Asking for the right portion in meals!\u00a0<\/b>At Andan\u00e7as we incentivize the reduction of food waste through the right portion \u201cDose Certa\u201d, making people aware that they should help themselves (or ask those that are serving them) for only the strictly necessary amount of food they will eat.\u00a0<\/p><p style=\"text-align: center;\"><b>#zerowaste<\/b><\/p>\t\t\t\t\t\t\t\t<\/div>\n\t\t\t\t<\/div>\n\t\t\t\t<\/div>\n\t\t\t\t\t<\/div>\n\t\t\t\t<\/div>\n\t\t<div class=\"elementor-element elementor-element-06d6853 e-flex e-con-boxed e-con e-parent\" data-id=\"06d6853\" data-element_type=\"container\" data-settings=\"{&quot;_ha_eqh_enable&quot;:false}\">\n\t\t\t\t\t<div class=\"e-con-inner\">\n\t\t<div class=\"elementor-element elementor-element-980ad5c e-con-full e-flex e-con e-child\" data-id=\"980ad5c\" data-element_type=\"container\" data-settings=\"{&quot;_ha_eqh_enable&quot;:false}\">\n\t\t\t\t<div class=\"elementor-element elementor-element-3b4c34b elementor-widget elementor-widget-text-editor\" data-id=\"3b4c34b\" data-element_type=\"widget\" data-widget_type=\"text-editor.default\">\n\t\t\t\t<div class=\"elementor-widget-container\">\n\t\t\t\t\t\t\t\t\t<p style=\"text-align: center;\"><b>Buying local produce!<\/b>\u00a0At Andan\u00e7as, whenever possible, we use local suppliers and the meals are also made with locally sourced ingredients. This year we are counting on local associations to make the lunches of the program \u00abA Caminhar para o Andan\u00e7as\u00bb. The goal is to boost the local economy, but also to reduce the ecological footprint and any unnecessary food-related costs. We also suggest that the participants of the festival buy local products at the local stores.\u00a0<\/p><p style=\"text-align: center;\"><b>#zerokilometres<\/b><\/p>\t\t\t\t\t\t\t\t<\/div>\n\t\t\t\t<\/div>\n\t\t\t\t<\/div>\n\t\t<div class=\"elementor-element elementor-element-d4f254d e-con-full e-flex e-con e-child\" data-id=\"d4f254d\" data-element_type=\"container\" data-settings=\"{&quot;_ha_eqh_enable&quot;:false}\">\n\t\t\t\t<div class=\"elementor-element elementor-element-ff50ce3 elementor-widget elementor-widget-text-editor\" data-id=\"ff50ce3\" data-element_type=\"widget\" data-widget_type=\"text-editor.default\">\n\t\t\t\t<div class=\"elementor-widget-container\">\n\t\t\t\t\t\t\t\t\t<p style=\"text-align: center;\"><b>Recycling!\u00a0<\/b>At Andan\u00e7as we make the selective gathering of residue for recycling. The customary recycling centres for plastic packages will be available in the programming areas so that all participants may help with separating residue, thus helping in the labour of selective gathering.\u00a0<\/p><p style=\"text-align: center;\"><b>#recyclingasahabit<\/b><\/p>\t\t\t\t\t\t\t\t<\/div>\n\t\t\t\t<\/div>\n\t\t\t\t<\/div>\n\t\t<div class=\"elementor-element elementor-element-0ff2ab2 e-con-full e-flex e-con e-child\" data-id=\"0ff2ab2\" data-element_type=\"container\" data-settings=\"{&quot;_ha_eqh_enable&quot;:false}\">\n\t\t\t\t<div class=\"elementor-element elementor-element-7a32ea8 elementor-widget elementor-widget-text-editor\" data-id=\"7a32ea8\" data-element_type=\"widget\" data-widget_type=\"text-editor.default\">\n\t\t\t\t<div class=\"elementor-widget-container\">\n\t\t\t\t\t\t\t\t\t<p style=\"text-align: center;\"><b>Bringing a pocket ashtray!\u00a0<\/b>In this edition we will walk around many areas in Reguengos de Monsaraz, including places right in the middle of nature. We recommend that all smokers bring with them their own pocket ashtray. They can buy one at the participant front desk. The goal for this habit is to make sure that cigarette butts never end up in the ground.\u00a0<\/p><p style=\"text-align: center;\"><b>#ashtraysasahabit<\/b><\/p>\t\t\t\t\t\t\t\t<\/div>\n\t\t\t\t<\/div>\n\t\t\t\t<\/div>\n\t\t\t\t\t<\/div>\n\t\t\t\t<\/div>\n\t\t<div class=\"elementor-element elementor-element-b831a8f e-flex e-con-boxed e-con e-parent\" data-id=\"b831a8f\" data-element_type=\"container\" data-settings=\"{&quot;_ha_eqh_enable&quot;:false}\">\n\t\t\t\t\t<div class=\"e-con-inner\">\n\t\t\t\t<div class=\"elementor-element elementor-element-d7a7866 elementor-widget elementor-widget-text-editor\" data-id=\"d7a7866\" data-element_type=\"widget\" data-widget_type=\"text-editor.default\">\n\t\t\t\t<div class=\"elementor-widget-container\">\n\t\t\t\t\t\t\t\t\t<p style=\"text-align: center;\"><b>Saving water!\u00a0<\/b>At Andan\u00e7as we incentivize the conscious use of water as a precious, limited resource and we educate people on saving it. We avoid its waste by using automated water faucets whenever it is possible.\u00a0<\/p><p style=\"text-align: center;\"><b>#zerowasteofwater<\/b><\/p>\t\t\t\t\t\t\t\t<\/div>\n\t\t\t\t<\/div>\n\t\t\t\t<div class=\"elementor-element elementor-element-e890ff2 elementor-widget elementor-widget-spacer\" data-id=\"e890ff2\" data-element_type=\"widget\" data-widget_type=\"spacer.default\">\n\t\t\t\t<div class=\"elementor-widget-container\">\n\t\t\t\t\t\t\t<div class=\"elementor-spacer\">\n\t\t\t<div class=\"elementor-spacer-inner\"><\/div>\n\t\t<\/div>\n\t\t\t\t\t\t<\/div>\n\t\t\t\t<\/div>\n\t\t\t\t\t<\/div>\n\t\t\t\t<\/div>\n\t\t<div class=\"elementor-element elementor-element-8fc63e3 e-flex e-con-boxed e-con e-parent\" data-id=\"8fc63e3\" data-element_type=\"container\" data-settings=\"{&quot;_ha_eqh_enable&quot;:false}\">\n\t\t\t\t\t<div class=\"e-con-inner\">\n\t\t\t\t<div class=\"elementor-element elementor-element-a7530d9 elementor-widget elementor-widget-text-editor\" data-id=\"a7530d9\" data-element_type=\"widget\" data-widget_type=\"text-editor.default\">\n\t\t\t\t<div class=\"elementor-widget-container\">\n\t\t\t\t\t\t\t\t\t<p><a href=\"https:\/\/www.andancas.net\/site\/wp-content\/uploads\/2025\/01\/2022_Monitorizacao_Sustentabilidade_Andancas.pdf\" target=\"_blank\" rel=\"noopener\">RELAT\u00d3RIO DA SUSTENTABILIDADE NO ANDAN\u00c7AS 2022<\/a><\/p><p><a href=\"https:\/\/www.andancas.net\/site\/2025\/01\/02\/a-dose-certa-andancas-foi-considerada-uma-pratica-exemplar-pelo-forum-europeu-para-a-reducao-do-desperdicio-alimentar\/\" target=\"_blank\" rel=\"noopener\">A DOSE CERTA ANDAN\u00c7AS FOI CONSIDERADA UMA PR\u00c1TICA EXEMPLAR PELO FOR\u00daM EUROPEU PARA REDU\u00c7\u00c3O DO DESPED\u00cdCIO ALIMENTAR!<\/a><\/p>\t\t\t\t\t\t\t\t<\/div>\n\t\t\t\t<\/div>\n\t\t\t\t\t<\/div>\n\t\t\t\t<\/div>\n\t\t\t\t<\/div>\n\t\t","protected":false},"excerpt":{"rendered":"<p>OUR APPROACH Andan\u00e7as promotes a holistic vision and considers the whole life cycle of products and services, from production processes to consumption. With our idealized objective of \u201czero waste\u201d we are trying to contribute to more sustainable consumption habits and life styles. PRINCIPLES AND COMPROMISES At P\u00e9deXumbo are aware that any event of large dimensions <a href=\"https:\/\/www.andancas.net\/site\/en\/sustainability\/\" class=\"more-link\">&#8230;<span class=\"screen-reader-text\">  SUSTAINABILITY<\/span><\/a><\/p>\n","protected":false},"author":1,"featured_media":7796,"parent":0,"menu_order":0,"comment_status":"closed","ping_status":"closed","template":"","meta":{"_uf_show_specific_survey":0,"_uf_disable_surveys":false,"footnotes":""},"class_list":["post-7865","page","type-page","status-publish","has-post-thumbnail","hentry"],"aioseo_notices":[],"_links":{"self":[{"href":"https:\/\/www.andancas.net\/site\/wp-json\/wp\/v2\/pages\/7865","targetHints":{"allow":["GET"]}}],"collection":[{"href":"https:\/\/www.andancas.net\/site\/wp-json\/wp\/v2\/pages"}],"about":[{"href":"https:\/\/www.andancas.net\/site\/wp-json\/wp\/v2\/types\/page"}],"author":[{"embeddable":true,"href":"https:\/\/www.andancas.net\/site\/wp-json\/wp\/v2\/users\/1"}],"replies":[{"embeddable":true,"href":"https:\/\/www.andancas.net\/site\/wp-json\/wp\/v2\/comments?post=7865"}],"version-history":[{"count":0,"href":"https:\/\/www.andancas.net\/site\/wp-json\/wp\/v2\/pages\/7865\/revisions"}],"wp:featuredmedia":[{"embeddable":true,"href":"https:\/\/www.andancas.net\/site\/wp-json\/wp\/v2\/media\/7796"}],"wp:attachment":[{"href":"https:\/\/www.andancas.net\/site\/wp-json\/wp\/v2\/media?parent=7865"}],"curies":[{"name":"wp","href":"https:\/\/api.w.org\/{rel}","templated":true}]}}