{"id":7786,"date":"2024-12-27T17:15:40","date_gmt":"2024-12-27T17:15:40","guid":{"rendered":"http:\/\/www.andancas.net\/site\/?page_id=7786"},"modified":"2025-01-10T16:04:54","modified_gmt":"2025-01-10T16:04:54","slug":"contactos","status":"publish","type":"page","link":"https:\/\/www.andancas.net\/site\/contactos\/","title":{"rendered":"CONTACTOS"},"content":{"rendered":"\t\t<div data-elementor-type=\"wp-page\" data-elementor-id=\"7786\" class=\"elementor elementor-7786\" data-elementor-settings=\"{&quot;ha_cmc_init_switcher&quot;:&quot;no&quot;}\">\n\t\t\t\t<div class=\"elementor-element elementor-element-09c624e e-flex e-con-boxed e-con e-parent\" data-id=\"09c624e\" data-element_type=\"container\" data-settings=\"{&quot;_ha_eqh_enable&quot;:false}\">\n\t\t\t\t\t<div class=\"e-con-inner\">\n\t\t<div class=\"elementor-element elementor-element-c53214f e-con-full e-flex e-con e-child\" data-id=\"c53214f\" data-element_type=\"container\" data-settings=\"{&quot;_ha_eqh_enable&quot;:false}\">\n\t\t\t\t<div class=\"elementor-element elementor-element-49f3f9f elementor-widget elementor-widget-text-editor\" data-id=\"49f3f9f\" data-element_type=\"widget\" data-widget_type=\"text-editor.default\">\n\t\t\t\t<div class=\"elementor-widget-container\">\n\t\t\t\t\t\t\t\t\t<p><strong>O Andan\u00e7as \u00e9 um festival P\u00e9deXumbo<\/strong><\/p><p>P\u00e9deXumbo \u2013 Associa\u00e7\u00e3o para a Promo\u00e7\u00e3o de M\u00fasica e Dan\u00e7a<br \/>Antigos Celeiros da EPAC<br \/>Rua Eborim, 16, 7000-658 \u00c9vora<\/p><p>pedexumbogeral@pedexumbo.com<br \/>Telf. +351 266 732 504 (rede fixa nacional)<\/p><p><strong>Endere\u00e7o para correspond\u00eancia<\/strong><br \/>Apartado 2195<br \/>7000-999 \u00c9vora<\/p>\t\t\t\t\t\t\t\t<\/div>\n\t\t\t\t<\/div>\n\t\t\t\t<\/div>\n\t\t<div class=\"elementor-element elementor-element-01311eb e-con-full e-flex e-con e-child\" data-id=\"01311eb\" data-element_type=\"container\" data-settings=\"{&quot;_ha_eqh_enable&quot;:false}\">\n\t\t\t\t<div class=\"elementor-element elementor-element-ee605d9 elementor-widget elementor-widget-text-editor\" data-id=\"ee605d9\" data-element_type=\"widget\" data-widget_type=\"text-editor.default\">\n\t\t\t\t<div class=\"elementor-widget-container\">\n\t\t\t\t\t\t\t\t\t<p><strong>Geral<\/strong><br \/>info@andancas.net<\/p><p><strong>Bilheteira<br \/><\/strong>bilheteira@andancas.net<\/p><p><strong>Programa\u00e7\u00e3o <\/strong><br \/>programacao@andancas.net<\/p><p><strong>Voluntariado<\/strong><br \/>voluntariado@andancas.net<\/p><p><strong>Feira, Tascos e Bares<\/strong><br \/>tascos.feira@andancas.net<\/p>\t\t\t\t\t\t\t\t<\/div>\n\t\t\t\t<\/div>\n\t\t\t\t<\/div>\n\t\t<div class=\"elementor-element elementor-element-40922d1 e-con-full e-flex e-con e-child\" data-id=\"40922d1\" data-element_type=\"container\" data-settings=\"{&quot;_ha_eqh_enable&quot;:false}\">\n\t\t\t\t<div class=\"elementor-element elementor-element-37b6cbb elementor-widget elementor-widget-text-editor\" data-id=\"37b6cbb\" data-element_type=\"widget\" data-widget_type=\"text-editor.default\">\n\t\t\t\t<div class=\"elementor-widget-container\">\n\t\t\t\t\t\t\t\t\t<p><strong>Coordena\u00e7\u00e3o\u00a0<\/strong><br \/>Marta Guerreiro<\/p><p><strong>Produ\u00e7\u00e3o Executiva<br \/><\/strong>Alexandra Bravo<\/p><p><strong>Comunica\u00e7\u00e3o<\/strong><br \/>Joana Ricardo<\/p>\t\t\t\t\t\t\t\t<\/div>\n\t\t\t\t<\/div>\n\t\t\t\t<\/div>\n\t\t\t\t\t<\/div>\n\t\t\t\t<\/div>\n\t\t\t\t<\/div>\n\t\t","protected":false},"excerpt":{"rendered":"<p>O Andan\u00e7as \u00e9 um festival P\u00e9deXumbo P\u00e9deXumbo \u2013 Associa\u00e7\u00e3o para a Promo\u00e7\u00e3o de M\u00fasica e Dan\u00e7aAntigos Celeiros da EPACRua Eborim, 16, 7000-658 \u00c9vora pedexumbogeral@pedexumbo.comTelf. +351 266 732 504 (rede fixa nacional) Endere\u00e7o para correspond\u00eanciaApartado 21957000-999 \u00c9vora Geralinfo@andancas.net Bilheteirabilheteira@andancas.net Programa\u00e7\u00e3o programacao@andancas.net Voluntariadovoluntariado@andancas.net Feira, Tascos e Barestascos.feira@andancas.net Coordena\u00e7\u00e3o\u00a0Marta Guerreiro Produ\u00e7\u00e3o ExecutivaAlexandra Bravo Comunica\u00e7\u00e3oJoana Ricardo<\/p>\n","protected":false},"author":1,"featured_media":0,"parent":0,"menu_order":0,"comment_status":"closed","ping_status":"closed","template":"","meta":{"_uf_show_specific_survey":0,"_uf_disable_surveys":false,"footnotes":""},"class_list":["post-7786","page","type-page","status-publish","hentry"],"aioseo_notices":[],"_links":{"self":[{"href":"https:\/\/www.andancas.net\/site\/wp-json\/wp\/v2\/pages\/7786","targetHints":{"allow":["GET"]}}],"collection":[{"href":"https:\/\/www.andancas.net\/site\/wp-json\/wp\/v2\/pages"}],"about":[{"href":"https:\/\/www.andancas.net\/site\/wp-json\/wp\/v2\/types\/page"}],"author":[{"embeddable":true,"href":"https:\/\/www.andancas.net\/site\/wp-json\/wp\/v2\/users\/1"}],"replies":[{"embeddable":true,"href":"https:\/\/www.andancas.net\/site\/wp-json\/wp\/v2\/comments?post=7786"}],"version-history":[{"count":0,"href":"https:\/\/www.andancas.net\/site\/wp-json\/wp\/v2\/pages\/7786\/revisions"}],"wp:attachment":[{"href":"https:\/\/www.andancas.net\/site\/wp-json\/wp\/v2\/media?parent=7786"}],"curies":[{"name":"wp","href":"https:\/\/api.w.org\/{rel}","templated":true}]}}