{"id":7361,"date":"2024-12-26T17:15:11","date_gmt":"2024-12-26T17:15:11","guid":{"rendered":"https:\/\/www.andancas.net\/site\/?page_id=7361"},"modified":"2025-08-22T08:42:25","modified_gmt":"2025-08-22T08:42:25","slug":"organizacao-e-parceiros","status":"publish","type":"page","link":"https:\/\/www.andancas.net\/site\/organizacao-e-parceiros\/","title":{"rendered":"ORGANIZA\u00c7\u00c3O E PARCEIROS"},"content":{"rendered":"\t\t<div data-elementor-type=\"wp-page\" data-elementor-id=\"7361\" class=\"elementor elementor-7361\" data-elementor-settings=\"{&quot;ha_cmc_init_switcher&quot;:&quot;no&quot;}\">\n\t\t\t\t<div class=\"elementor-element elementor-element-c35c625 e-flex e-con-boxed e-con e-parent\" data-id=\"c35c625\" data-element_type=\"container\" data-settings=\"{&quot;_ha_eqh_enable&quot;:false}\">\n\t\t\t\t\t<div class=\"e-con-inner\">\n\t\t\t\t<div class=\"elementor-element elementor-element-8f9a1a0 elementor-widget elementor-widget-heading\" data-id=\"8f9a1a0\" data-element_type=\"widget\" data-widget_type=\"heading.default\">\n\t\t\t\t<div class=\"elementor-widget-container\">\n\t\t\t\t\t<h2 class=\"elementor-heading-title elementor-size-default\">ASSOCIA\u00c7\u00c3O P\u00c9DEXUMBO<\/h2>\t\t\t\t<\/div>\n\t\t\t\t<\/div>\n\t\t\t\t\t<\/div>\n\t\t\t\t<\/div>\n\t\t<div class=\"elementor-element elementor-element-2008574 e-flex e-con-boxed e-con e-parent\" data-id=\"2008574\" data-element_type=\"container\" data-settings=\"{&quot;_ha_eqh_enable&quot;:false}\">\n\t\t\t\t\t<div class=\"e-con-inner\">\n\t\t\t\t<div class=\"elementor-element elementor-element-0f4f904 elementor-widget elementor-widget-text-editor\" data-id=\"0f4f904\" data-element_type=\"widget\" data-widget_type=\"text-editor.default\">\n\t\t\t\t<div class=\"elementor-widget-container\">\n\t\t\t\t\t\t\t\t\t<h3><strong><span style=\"color: #f7931e;\">A DAN\u00c7AR H\u00c1 26 ANOS&#8230;<\/span><\/strong><\/h3><p>O Andan\u00e7as \u00e9 um festival organizado pela\u00a0<a href=\"http:\/\/www.pedexumbo.com\/\" target=\"_blank\" rel=\"noopener\">Associa\u00e7\u00e3o P\u00e9deXumbo<\/a> desde 1996. A P\u00e9deXumbo, Associa\u00e7\u00e3o para a Promo\u00e7\u00e3o da M\u00fasica e Dan\u00e7a (PX), nasceu em 1998 para dar enquadramento legal \u00e0 realiza\u00e7\u00e3o do Festival Andan\u00e7as, criado em 1996 por um grupo de jovens portugueses.<\/p><p>At\u00e9 2007, a PX teve um crescimento impar\u00e1vel, dando a conhecer novas formas art\u00edsticas baseadas na pr\u00e1tica do baile e de dan\u00e7as europeias, at\u00e9 a\u00ed desconhecidas em Portugal. Em simult\u00e2neo, foi promovendo a profissionaliza\u00e7\u00e3o de artistas e o aumento da oferta na \u00e1rea da dan\u00e7a tradicional em Portugal. A pr\u00f3pria Associa\u00e7\u00e3o profissionalizou-se, expandindo as suas atividades a todo o pa\u00eds, multiplicando festivais, forma\u00e7\u00f5es e atividades l\u00fadicas.<\/p><p>Em \u00c9vora, onde tem sede, foi poss\u00edvel desenvolver um trabalho mais aprofundado na vertente pedag\u00f3gica. Para entender o \u00e2mbito da PX \u00e9 preciso falar de dan\u00e7as do mundo, mas mantendo dist\u00e2ncia com o Revivalismo que aconteceu noutros pa\u00edses europeus: em Portugal o entrosamento, sobretudo com as culturas lus\u00f3fonas, \u00e9 muito forte, e a P\u00e9deXumbo salvaguardou esta riqueza.<\/p><p>A partir de 2007 a P\u00e9deXumbo iniciou uma fase de fideliza\u00e7\u00e3o do seu p\u00fablico, mas tamb\u00e9m de capta\u00e7\u00e3o de novos p\u00fablicos, com a edi\u00e7\u00e3o de DVDs e livros sobre a dan\u00e7a tradicional e a programa\u00e7\u00e3o de projetos musicais em estreia nacional. Mas foi sobretudo com as novas cria\u00e7\u00f5es que a associa\u00e7\u00e3o inovou. Usou a programa\u00e7\u00e3o de festivais para propor novas produ\u00e7\u00f5es art\u00edsticas, trabalhando o repert\u00f3rio coreogr\u00e1fico tradicional portugu\u00eas, procurando ao mesmo tempo integrar a pr\u00e1tica do baile em novos espa\u00e7os culturais e cruzar as dan\u00e7as tradicionais com outras artes. Em vez de criar uma nova companhia de dan\u00e7a, investiu nas artes performativas, incluindo o p\u00fablico no seio da cria\u00e7\u00e3o e mantendo assim o aspeto mais importante do baile: a participa\u00e7\u00e3o de todos.<\/p><p>Tamb\u00e9m a preocupa\u00e7\u00e3o em registar as pr\u00e1ticas coreogr\u00e1ficas portuguesas, que acompanha a P\u00e9deXumbo desde o seu princ\u00edpio, passou a traduzir-se de maneira diferente: inicialmente baseada na aprendizagem direta de dan\u00e7as tradicionais, a P\u00e9deXumbo passou a investir financeiramente em registos que pudessem alimentar as novas produ\u00e7\u00f5es. Por sua vez, este investimento levou a associa\u00e7\u00e3o a pensar em formas de rentabilizar e valorizar este Patrim\u00f3nio Cultural Imaterial na Internet, aumentando a sua difus\u00e3o.<\/p><p>\u00a0<\/p><h3><span style=\"color: #f7931e;\"><strong>CARTA DE COMPROMISSO PX<\/strong><\/span><\/h3><p><br \/>Acreditando que \u00e9 poss\u00edvel contribuir para um mundo melhor e modos de vida mais sustent\u00e1veis, a P\u00e9deXumbo, enquanto agente s\u00f3cio-cultural, assume o compromisso de assegurar uma atitude atenta e respons\u00e1vel em todas as suas atividades. Esta atitude assenta em quatro pilares \u2013 social, cultural, ambiental e econ\u00f3mico \u2013 e orienta-se pelos seguintes princ\u00edpios pr\u00e1ticos, que representam o nosso modo consciente de estar na vida:<\/p><p>01. ALEGRIA, BEM-ESTAR, E CELEBRA\u00c7\u00c3O DA VIDA<br \/>02. LIGA\u00c7\u00c3O E RESPEITO PELA NATUREZA<br \/>03. CULTURA DE COMUNICA\u00c7\u00c3O E PARTICIPA\u00c7\u00c3O<br \/>04. SIMPLICIDADE E CRIATIVIDADE<br \/>05. EDUCA\u00c7\u00c3O INTEGRAL E DESENVOLVIMENTO DA CONSCI\u00caNCIA<br \/>06. BOM USO DOS RECURSOS E ECONOMIA LOCAL<br \/>07. REDU\u00c7\u00c3O DA PEGADA ECOL\u00d3GICA<br \/>08. CULTURA ORGANIZACIONAL E MODOS DE VIDA RESPONS\u00c1VEIS<br \/>09. RESPONSABILIDADE SOCIAL E DESENVOLVIMENTO COMUNIT\u00c1RIO<br \/>10. ALDEIA GLOBAL MULTICULTURAL<br \/>*Aprovada em Assembleia-Geral Ordin\u00e1ria, a 29 de Maio de 2011<\/p><p><strong><a href=\"http:\/\/www.pedexumbo.com\" target=\"_blank\" rel=\"noopener\">www.pedexumbo.com<\/a><\/strong><\/p>\t\t\t\t\t\t\t\t<\/div>\n\t\t\t\t<\/div>\n\t\t\t\t<div class=\"elementor-element elementor-element-28f1c75 elementor-widget elementor-widget-spacer\" data-id=\"28f1c75\" data-element_type=\"widget\" data-widget_type=\"spacer.default\">\n\t\t\t\t<div class=\"elementor-widget-container\">\n\t\t\t\t\t\t\t<div class=\"elementor-spacer\">\n\t\t\t<div class=\"elementor-spacer-inner\"><\/div>\n\t\t<\/div>\n\t\t\t\t\t\t<\/div>\n\t\t\t\t<\/div>\n\t\t\t\t\t<\/div>\n\t\t\t\t<\/div>\n\t\t<div class=\"elementor-element elementor-element-f73f27a e-flex e-con-boxed e-con e-parent\" data-id=\"f73f27a\" data-element_type=\"container\" data-settings=\"{&quot;_ha_eqh_enable&quot;:false}\">\n\t\t\t\t\t<div class=\"e-con-inner\">\n\t\t\t\t<div class=\"elementor-element elementor-element-2976436 elementor-widget elementor-widget-heading\" data-id=\"2976436\" data-element_type=\"widget\" data-widget_type=\"heading.default\">\n\t\t\t\t<div class=\"elementor-widget-container\">\n\t\t\t\t\t<h2 class=\"elementor-heading-title elementor-size-default\">PARCEIROS<\/h2>\t\t\t\t<\/div>\n\t\t\t\t<\/div>\n\t\t\t\t\t<\/div>\n\t\t\t\t<\/div>\n\t\t<div class=\"elementor-element elementor-element-3bceb72 e-flex e-con-boxed e-con e-parent\" data-id=\"3bceb72\" data-element_type=\"container\" data-settings=\"{&quot;_ha_eqh_enable&quot;:false}\">\n\t\t\t\t\t<div class=\"e-con-inner\">\n\t\t\t\t<div class=\"elementor-element elementor-element-7820cf8 elementor-widget elementor-widget-text-editor\" data-id=\"7820cf8\" data-element_type=\"widget\" data-widget_type=\"text-editor.default\">\n\t\t\t\t<div class=\"elementor-widget-container\">\n\t\t\t\t\t\t\t\t\t<p>O Andan\u00e7as \u00e9 um festival da <strong>Associa\u00e7\u00e3o<\/strong> <strong>P\u00e9deXumbo,<\/strong> uma estrutura financiada pela <strong>Rep\u00fablica Portuguesa &#8211; Cultura,<\/strong> <strong>Dire\u00e7\u00e3o Geral das Artes<\/strong><strong>, <\/strong>e conta com a parceria da <strong>C\u00e2mara Municipal de Reguengos de Monsaraz<\/strong>, da <strong>Uni\u00e3o de Freguesias de Campo e Campinho <\/strong>e da <strong>Associa\u00e7\u00e3o Gente Nova de Campinho.<\/strong><\/p><p>Em 2025, o festival \u00e9 <strong>financiado pela Uni\u00e3o Europeia<\/strong> no \u00e2mbito do <strong>projeto SoilTribes, <\/strong>pelo<strong>\u00a0Programa\u00a0<span class=\"il\">Caixa<\/span>\u00a0Cultura <\/strong>e pelo<strong> INATEL <\/strong>no \u00e2mbito do<strong> Plano de Apoio Inatel Cultura e Desporto.<\/strong><\/p><p>O Andan\u00e7as conta ainda com a parceria da\u00a0<strong>Centro de Atividades e Capacita\u00e7\u00e3o para a Inclus\u00e3o da Santa Casa da Miseric\u00f3rdia de Reguengos de Monsaraz, <\/strong><strong>C\u00e2mara Municipal de Portel, o Turismo do Alentejo,\u00a0<\/strong><strong>Lisboa Poss\u00edvel, Cicloficina dos Anjos, Universidade de \u00c9vora,<\/strong><strong>\u00a0Observat\u00f3rio do Lago Alqueva,\u00a0<\/strong><strong>EDIA, <\/strong><strong>Cision e Rede Expressos<\/strong>.<\/p><p>R\u00e1dio Oficial <strong>Antena 1.<\/strong><\/p>\t\t\t\t\t\t\t\t<\/div>\n\t\t\t\t<\/div>\n\t\t\t\t\t<\/div>\n\t\t\t\t<\/div>\n\t\t<div class=\"elementor-element elementor-element-705ba9b e-flex e-con-boxed e-con e-parent\" data-id=\"705ba9b\" data-element_type=\"container\" data-settings=\"{&quot;_ha_eqh_enable&quot;:false}\">\n\t\t\t\t\t<div class=\"e-con-inner\">\n\t\t\t\t<div class=\"elementor-element elementor-element-80d914e elementor-widget elementor-widget-image\" data-id=\"80d914e\" data-element_type=\"widget\" data-widget_type=\"image.default\">\n\t\t\t\t<div class=\"elementor-widget-container\">\n\t\t\t\t\t\t\t\t\t\t\t\t\t\t\t<img fetchpriority=\"high\" decoding=\"async\" width=\"9312\" height=\"1982\" src=\"https:\/\/www.andancas.net\/site\/wp-content\/uploads\/2025\/08\/Logos-Andancas25.png\" class=\"attachment-full size-full wp-image-9847\" alt=\"\" srcset=\"https:\/\/www.andancas.net\/site\/wp-content\/uploads\/2025\/08\/Logos-Andancas25.png 9312w, https:\/\/www.andancas.net\/site\/wp-content\/uploads\/2025\/08\/Logos-Andancas25-300x64.png 300w, https:\/\/www.andancas.net\/site\/wp-content\/uploads\/2025\/08\/Logos-Andancas25-1024x218.png 1024w\" sizes=\"(max-width: 9312px) 100vw, 9312px\" \/>\t\t\t\t\t\t\t\t\t\t\t\t\t\t\t<\/div>\n\t\t\t\t<\/div>\n\t\t\t\t\t<\/div>\n\t\t\t\t<\/div>\n\t\t\t\t<\/div>\n\t\t","protected":false},"excerpt":{"rendered":"<p>ASSOCIA\u00c7\u00c3O P\u00c9DEXUMBO A DAN\u00c7AR H\u00c1 26 ANOS&#8230; O Andan\u00e7as \u00e9 um festival organizado pela\u00a0Associa\u00e7\u00e3o P\u00e9deXumbo desde 1996. A P\u00e9deXumbo, Associa\u00e7\u00e3o para a Promo\u00e7\u00e3o da M\u00fasica e Dan\u00e7a (PX), nasceu em 1998 para dar enquadramento legal \u00e0 realiza\u00e7\u00e3o do Festival Andan\u00e7as, criado em 1996 por um grupo de jovens portugueses. At\u00e9 2007, a PX teve um <a href=\"https:\/\/www.andancas.net\/site\/organizacao-e-parceiros\/\" class=\"more-link\">&#8230;<span class=\"screen-reader-text\">  ORGANIZA\u00c7\u00c3O E PARCEIROS<\/span><\/a><\/p>\n","protected":false},"author":1,"featured_media":7586,"parent":0,"menu_order":0,"comment_status":"closed","ping_status":"closed","template":"","meta":{"_uf_show_specific_survey":0,"_uf_disable_surveys":false,"footnotes":""},"class_list":["post-7361","page","type-page","status-publish","has-post-thumbnail","hentry"],"aioseo_notices":[],"_links":{"self":[{"href":"https:\/\/www.andancas.net\/site\/wp-json\/wp\/v2\/pages\/7361","targetHints":{"allow":["GET"]}}],"collection":[{"href":"https:\/\/www.andancas.net\/site\/wp-json\/wp\/v2\/pages"}],"about":[{"href":"https:\/\/www.andancas.net\/site\/wp-json\/wp\/v2\/types\/page"}],"author":[{"embeddable":true,"href":"https:\/\/www.andancas.net\/site\/wp-json\/wp\/v2\/users\/1"}],"replies":[{"embeddable":true,"href":"https:\/\/www.andancas.net\/site\/wp-json\/wp\/v2\/comments?post=7361"}],"version-history":[{"count":0,"href":"https:\/\/www.andancas.net\/site\/wp-json\/wp\/v2\/pages\/7361\/revisions"}],"wp:featuredmedia":[{"embeddable":true,"href":"https:\/\/www.andancas.net\/site\/wp-json\/wp\/v2\/media\/7586"}],"wp:attachment":[{"href":"https:\/\/www.andancas.net\/site\/wp-json\/wp\/v2\/media?parent=7361"}],"curies":[{"name":"wp","href":"https:\/\/api.w.org\/{rel}","templated":true}]}}