{"id":7359,"date":"2024-12-26T17:14:58","date_gmt":"2024-12-26T17:14:58","guid":{"rendered":"https:\/\/www.andancas.net\/site\/?page_id=7359"},"modified":"2024-12-27T15:29:53","modified_gmt":"2024-12-27T15:29:53","slug":"edicoes-anteriores","status":"publish","type":"page","link":"https:\/\/www.andancas.net\/site\/edicoes-anteriores\/","title":{"rendered":"EDI\u00c7\u00d5ES ANTERIORES"},"content":{"rendered":"\t\t<div data-elementor-type=\"wp-page\" data-elementor-id=\"7359\" class=\"elementor elementor-7359\" data-elementor-settings=\"{&quot;ha_cmc_init_switcher&quot;:&quot;no&quot;}\">\n\t\t\t\t<div class=\"elementor-element elementor-element-6475ca0 e-flex e-con-boxed e-con e-parent\" data-id=\"6475ca0\" data-element_type=\"container\" data-settings=\"{&quot;_ha_eqh_enable&quot;:false}\">\n\t\t\t\t\t<div class=\"e-con-inner\">\n\t\t\t\t<div class=\"elementor-element elementor-element-b29c0d1 elementor-widget elementor-widget-heading\" data-id=\"b29c0d1\" data-element_type=\"widget\" data-widget_type=\"heading.default\">\n\t\t\t\t<div class=\"elementor-widget-container\">\n\t\t\t\t\t<h2 class=\"elementor-heading-title elementor-size-default\">1996<\/h2>\t\t\t\t<\/div>\n\t\t\t\t<\/div>\n\t\t\t\t\t<\/div>\n\t\t\t\t<\/div>\n\t\t<div class=\"elementor-element elementor-element-aac46af e-flex e-con-boxed e-con e-parent\" data-id=\"aac46af\" data-element_type=\"container\" data-settings=\"{&quot;_ha_eqh_enable&quot;:false}\">\n\t\t\t\t\t<div class=\"e-con-inner\">\n\t\t\t\t<div class=\"elementor-element elementor-element-355deff elementor-widget elementor-widget-text-editor\" data-id=\"355deff\" data-element_type=\"widget\" data-widget_type=\"text-editor.default\">\n\t\t\t\t<div class=\"elementor-widget-container\">\n\t\t\t\t\t\t\t\t\t<p>O Andan\u00e7as &#8211; Festival Internacional de M\u00fasica e Dan\u00e7a Tradicional nasceu em 1996 da vontade de um grupo de apaixonados da cultura tradicional associados na P\u00e9deXumbo, Neste primeiro ano, aconteceu em \u00c9vora para cerca de centena e meia de participantes.<\/p>\t\t\t\t\t\t\t\t<\/div>\n\t\t\t\t<\/div>\n\t\t\t\t\t<\/div>\n\t\t\t\t<\/div>\n\t\t<div class=\"elementor-element elementor-element-9c5b4c5 e-flex e-con-boxed e-con e-parent\" data-id=\"9c5b4c5\" data-element_type=\"container\" data-settings=\"{&quot;_ha_eqh_enable&quot;:false}\">\n\t\t\t\t\t<div class=\"e-con-inner\">\n\t\t\t\t<div class=\"elementor-element elementor-element-d516a78 elementor-widget elementor-widget-heading\" data-id=\"d516a78\" data-element_type=\"widget\" data-widget_type=\"heading.default\">\n\t\t\t\t<div class=\"elementor-widget-container\">\n\t\t\t\t\t<h2 class=\"elementor-heading-title elementor-size-default\">1997 - 1998<\/h2>\t\t\t\t<\/div>\n\t\t\t\t<\/div>\n\t\t\t\t\t<\/div>\n\t\t\t\t<\/div>\n\t\t<div class=\"elementor-element elementor-element-5b12c4d e-flex e-con-boxed e-con e-parent\" data-id=\"5b12c4d\" data-element_type=\"container\" data-settings=\"{&quot;_ha_eqh_enable&quot;:false}\">\n\t\t\t\t\t<div class=\"e-con-inner\">\n\t\t\t\t<div class=\"elementor-element elementor-element-5a99fc4 elementor-widget elementor-widget-text-editor\" data-id=\"5a99fc4\" data-element_type=\"widget\" data-widget_type=\"text-editor.default\">\n\t\t\t\t<div class=\"elementor-widget-container\">\n\t\t\t\t\t\t\t\t\t<p>O Andan\u00e7as aconteceu, durante dois anos, no parque de campismo da Fraguinha. Era o \u00fanico evento deste g\u00e9nero no pa\u00eds, com um conceito distinto dos outros festivais de Ver\u00e3o. Durante o dia aprendem-se os passos e \u00e0 noite tem-se a oportunidade de bailar. O dia \u00e9 ocupado, n\u00e3o s\u00f3, com oficinas de dan\u00e7as de todo o mundo, onde se incentiva o contacto e a aprendizagem da dan\u00e7a e da cultura de diversos povos, mas tamb\u00e9m com atividades paralelas como a constru\u00e7\u00e3o de instrumentos, BookCrossing, espa\u00e7os infantis, conversas, apresenta\u00e7\u00f5es de obra, hist\u00f3rias e contos e muitos outras performances espont\u00e2neas que v\u00e3o surgindo no espa\u00e7o. A noite tamb\u00e9m para dan\u00e7ar, com jam sessions que duram at\u00e9 de manh\u00e3!<\/p>\t\t\t\t\t\t\t\t<\/div>\n\t\t\t\t<\/div>\n\t\t\t\t\t<\/div>\n\t\t\t\t<\/div>\n\t\t<div class=\"elementor-element elementor-element-5c96c8f e-flex e-con-boxed e-con e-parent\" data-id=\"5c96c8f\" data-element_type=\"container\" data-settings=\"{&quot;_ha_eqh_enable&quot;:false}\">\n\t\t\t\t\t<div class=\"e-con-inner\">\n\t\t\t\t<div class=\"elementor-element elementor-element-fb3ee54 elementor-widget elementor-widget-heading\" data-id=\"fb3ee54\" data-element_type=\"widget\" data-widget_type=\"heading.default\">\n\t\t\t\t<div class=\"elementor-widget-container\">\n\t\t\t\t\t<h2 class=\"elementor-heading-title elementor-size-default\">1999 - 2010<\/h2>\t\t\t\t<\/div>\n\t\t\t\t<\/div>\n\t\t\t\t<div class=\"elementor-element elementor-element-376c692 elementor-widget elementor-widget-text-editor\" data-id=\"376c692\" data-element_type=\"widget\" data-widget_type=\"text-editor.default\">\n\t\t\t\t<div class=\"elementor-widget-container\">\n\t\t\t\t\t\t\t\t\t<p>Entre 1999 e 2010 realizou-se na aldeia de Carvalhais onde veio a desenvolver-se passando de um pequeno festival para um acontecimento de \u00e2mbito nacional com milhares de participantes. <br \/>Quase toda a organiza\u00e7\u00e3o \u00e9 o trabalho de uma enorme equipa de volunt\u00e1rios, incluindo os m\u00fasicos, assistentes, colaboradores, formadores e respons\u00e1veis por atividades. A pol\u00edtica social e econ\u00f3mica deste festival aposta fortemente na ecologia para reduzir o impacto negativo que possa ter. S\u00e3o implantadas medidas de redu\u00e7\u00e3o de polui\u00e7\u00e3o exemplares a n\u00edvel de organiza\u00e7\u00f5es como: Pl\u00e1stico Zero, Reaproveitamento de \u00e1guas, reutiliza\u00e7\u00e3o de recursos, higiene permanente, etc. Aposta-se no sustento econ\u00f3mico do festival com base na colabora\u00e7\u00e3o institucional e de voluntariado, pondo de parte a necessidade de sacrificar o espa\u00e7o visual e intelectual com publicidade.\u00a0<\/p>\t\t\t\t\t\t\t\t<\/div>\n\t\t\t\t<\/div>\n\t\t\t\t\t<\/div>\n\t\t\t\t<\/div>\n\t\t<div class=\"elementor-element elementor-element-7ce7ddb e-flex e-con-boxed e-con e-parent\" data-id=\"7ce7ddb\" data-element_type=\"container\" data-settings=\"{&quot;_ha_eqh_enable&quot;:false}\">\n\t\t\t\t\t<div class=\"e-con-inner\">\n\t\t\t\t<div class=\"elementor-element elementor-element-8445015 elementor-widget elementor-widget-heading\" data-id=\"8445015\" data-element_type=\"widget\" data-widget_type=\"heading.default\">\n\t\t\t\t<div class=\"elementor-widget-container\">\n\t\t\t\t\t<h2 class=\"elementor-heading-title elementor-size-default\">2011<\/h2>\t\t\t\t<\/div>\n\t\t\t\t<\/div>\n\t\t\t\t\t<\/div>\n\t\t\t\t<\/div>\n\t\t<div class=\"elementor-element elementor-element-96f4311 e-flex e-con-boxed e-con e-parent\" data-id=\"96f4311\" data-element_type=\"container\" data-settings=\"{&quot;_ha_eqh_enable&quot;:false}\">\n\t\t\t\t\t<div class=\"e-con-inner\">\n\t\t\t\t<div class=\"elementor-element elementor-element-79bbdc1 elementor-widget elementor-widget-text-editor\" data-id=\"79bbdc1\" data-element_type=\"widget\" data-widget_type=\"text-editor.default\">\n\t\t\t\t<div class=\"elementor-widget-container\">\n\t\t\t\t\t\t\t\t\t<p>Em 2011, a Associa\u00e7\u00e3o P\u00e9deXumbo, organizadora do festival, atravessando um per\u00edodo de reflex\u00e3o interna acerca dos seus objetivos e princ\u00edpios alternativos \u00e0 sociedade de consumo, conclui a necessidade de restrutura\u00e7\u00e3o do festival e realiza-o em formato mais pequeno, integrado no Festival Dan\u00e7as na \u00c1gua na freguesia de Ratoeira (Celorico da Beira) no Concelho de Celorico da Beira, Portugal.<\/p>\t\t\t\t\t\t\t\t<\/div>\n\t\t\t\t<\/div>\n\t\t\t\t\t<\/div>\n\t\t\t\t<\/div>\n\t\t<div class=\"elementor-element elementor-element-cbf0a85 e-flex e-con-boxed e-con e-parent\" data-id=\"cbf0a85\" data-element_type=\"container\" data-settings=\"{&quot;_ha_eqh_enable&quot;:false}\">\n\t\t\t\t\t<div class=\"e-con-inner\">\n\t\t\t\t<div class=\"elementor-element elementor-element-00e797c elementor-widget elementor-widget-heading\" data-id=\"00e797c\" data-element_type=\"widget\" data-widget_type=\"heading.default\">\n\t\t\t\t<div class=\"elementor-widget-container\">\n\t\t\t\t\t<h2 class=\"elementor-heading-title elementor-size-default\">2013 - 2016<\/h2>\t\t\t\t<\/div>\n\t\t\t\t<\/div>\n\t\t\t\t\t<\/div>\n\t\t\t\t<\/div>\n\t\t<div class=\"elementor-element elementor-element-caccb82 e-flex e-con-boxed e-con e-parent\" data-id=\"caccb82\" data-element_type=\"container\" data-settings=\"{&quot;_ha_eqh_enable&quot;:false}\">\n\t\t\t\t\t<div class=\"e-con-inner\">\n\t\t\t\t<div class=\"elementor-element elementor-element-cc275eb elementor-widget elementor-widget-text-editor\" data-id=\"cc275eb\" data-element_type=\"widget\" data-widget_type=\"text-editor.default\">\n\t\t\t\t<div class=\"elementor-widget-container\">\n\t\t\t\t\t\t\t\t\t<p>Entre 2013 e 2016, o Andan\u00e7as realizou-se na Barragem de Nossa Senhora da Gra\u00e7a de P\u00f3voa e Meadas, onde atingiu o seu maior formato, contando, nos \u00faltimos anos, com cerca de 8000 participantes por dia.<\/p>\t\t\t\t\t\t\t\t<\/div>\n\t\t\t\t<\/div>\n\t\t\t\t\t<\/div>\n\t\t\t\t<\/div>\n\t\t<div class=\"elementor-element elementor-element-8be8f7d e-flex e-con-boxed e-con e-parent\" data-id=\"8be8f7d\" data-element_type=\"container\" data-settings=\"{&quot;_ha_eqh_enable&quot;:false}\">\n\t\t\t\t\t<div class=\"e-con-inner\">\n\t\t\t\t<div class=\"elementor-element elementor-element-543229f elementor-widget elementor-widget-heading\" data-id=\"543229f\" data-element_type=\"widget\" data-widget_type=\"heading.default\">\n\t\t\t\t<div class=\"elementor-widget-container\">\n\t\t\t\t\t<h2 class=\"elementor-heading-title elementor-size-default\">2017 - 2018<\/h2>\t\t\t\t<\/div>\n\t\t\t\t<\/div>\n\t\t\t\t\t<\/div>\n\t\t\t\t<\/div>\n\t\t<div class=\"elementor-element elementor-element-198bb1c e-flex e-con-boxed e-con e-parent\" data-id=\"198bb1c\" data-element_type=\"container\" data-settings=\"{&quot;_ha_eqh_enable&quot;:false}\">\n\t\t\t\t\t<div class=\"e-con-inner\">\n\t\t\t\t<div class=\"elementor-element elementor-element-6e97c1d elementor-widget elementor-widget-text-editor\" data-id=\"6e97c1d\" data-element_type=\"widget\" data-widget_type=\"text-editor.default\">\n\t\t\t\t<div class=\"elementor-widget-container\">\n\t\t\t\t\t\t\t\t\t<p>Depois do inc\u00eandio, na edi\u00e7\u00e3o de 2016, que aconteceu na Barragem de P\u00f3voa e Meadas, a organiza\u00e7\u00e3o do Festival Andan\u00e7as voltou a repensar o formato do festival, tendo levado as edi\u00e7\u00f5es de 2027 e 2018 para a vila de Castelo de Vide, onde chegaram cerca de 1500 participantes por dia. Foram duas edi\u00e7\u00f5es que comunicaram com toda a vila e permitiram que o esp\u00edrito Andan\u00e7as sobrevivesse.\u00a0<\/p>\t\t\t\t\t\t\t\t<\/div>\n\t\t\t\t<\/div>\n\t\t\t\t\t<\/div>\n\t\t\t\t<\/div>\n\t\t<div class=\"elementor-element elementor-element-d15c484 e-flex e-con-boxed e-con e-parent\" data-id=\"d15c484\" data-element_type=\"container\" data-settings=\"{&quot;_ha_eqh_enable&quot;:false}\">\n\t\t\t\t\t<div class=\"e-con-inner\">\n\t\t\t\t<div class=\"elementor-element elementor-element-1807738 elementor-widget elementor-widget-heading\" data-id=\"1807738\" data-element_type=\"widget\" data-widget_type=\"heading.default\">\n\t\t\t\t<div class=\"elementor-widget-container\">\n\t\t\t\t\t<h2 class=\"elementor-heading-title elementor-size-default\">Desde 2021<\/h2>\t\t\t\t<\/div>\n\t\t\t\t<\/div>\n\t\t\t\t\t<\/div>\n\t\t\t\t<\/div>\n\t\t<div class=\"elementor-element elementor-element-5d2f15f e-flex e-con-boxed e-con e-parent\" data-id=\"5d2f15f\" data-element_type=\"container\" data-settings=\"{&quot;_ha_eqh_enable&quot;:false}\">\n\t\t\t\t\t<div class=\"e-con-inner\">\n\t\t\t\t<div class=\"elementor-element elementor-element-23eb038 elementor-widget elementor-widget-text-editor\" data-id=\"23eb038\" data-element_type=\"widget\" data-widget_type=\"text-editor.default\">\n\t\t\t\t<div class=\"elementor-widget-container\">\n\t\t\t\t\t\t\t\t\t<p>Ap\u00f3s dois anos de pausa, devido \u00e0 mudan\u00e7a de lugar para um Alentejo mais perto da sede da P\u00e9deXumbo, em \u00c9vora, e \u00e0 pandemia, o Andan\u00e7as regressa em 2021.<br \/>Em 2021 o Festival Andan\u00e7as encontrou uma nova casa que fica no Campinho, uma aldeia do concelho de Reguengos de Monsaraz, com vista para a plan\u00edcie alentejana, dos sobreiros e azinheiras, a 3km do espelho de \u00e1gua de Alqueva. Nesse ano come\u00e7\u00e1mos \u00abA Caminhar para o Andan\u00e7as\u00bb, numa edi\u00e7\u00e3o especial para conhecer a regi\u00e3o e apontar para o futuro do festival, com cerca de 60 pessoas. Assim, no ano seguinte, o Andan\u00e7as germinou no Campinho, trazendo de volta os quatro pilares do festival \u2013 Dan\u00e7a&amp;M\u00fasica, Voluntariado, Comunidade e Sustentabilidade \u2013 e a grande fam\u00edlia de \u201cAndantes\u201d. Uma edi\u00e7\u00e3o desafiante que abra\u00e7ou toda a aldeia e recebeu tamb\u00e9m o abra\u00e7o desta comunidade! Um abra\u00e7o que chegou ainda a centenas de novos bailadores, trazendo novas vidas ao esp\u00edrito Andan\u00e7as.<br \/>Depois da edi\u00e7\u00e3o de 2023, vamos reencontrar-nos de 14 a 17 de agosto de 2025, em parceria da C\u00e2mara Municipal de Reguengos de Monsaraz, da Junta de Freguesia de Campo e Campinho e da Associa\u00e7\u00e3o Gente Nova de Campinho.<\/p>\t\t\t\t\t\t\t\t<\/div>\n\t\t\t\t<\/div>\n\t\t\t\t\t<\/div>\n\t\t\t\t<\/div>\n\t\t\t\t<\/div>\n\t\t","protected":false},"excerpt":{"rendered":"<p>1996 O Andan\u00e7as &#8211; Festival Internacional de M\u00fasica e Dan\u00e7a Tradicional nasceu em 1996 da vontade de um grupo de apaixonados da cultura tradicional associados na P\u00e9deXumbo, Neste primeiro ano, aconteceu em \u00c9vora para cerca de centena e meia de participantes. 1997 &#8211; 1998 O Andan\u00e7as aconteceu, durante dois anos, no parque de campismo da <a href=\"https:\/\/www.andancas.net\/site\/edicoes-anteriores\/\" class=\"more-link\">&#8230;<span class=\"screen-reader-text\">  EDI\u00c7\u00d5ES ANTERIORES<\/span><\/a><\/p>\n","protected":false},"author":1,"featured_media":7399,"parent":0,"menu_order":0,"comment_status":"closed","ping_status":"closed","template":"","meta":{"_uf_show_specific_survey":0,"_uf_disable_surveys":false,"footnotes":""},"class_list":["post-7359","page","type-page","status-publish","has-post-thumbnail","hentry"],"aioseo_notices":[],"_links":{"self":[{"href":"https:\/\/www.andancas.net\/site\/wp-json\/wp\/v2\/pages\/7359","targetHints":{"allow":["GET"]}}],"collection":[{"href":"https:\/\/www.andancas.net\/site\/wp-json\/wp\/v2\/pages"}],"about":[{"href":"https:\/\/www.andancas.net\/site\/wp-json\/wp\/v2\/types\/page"}],"author":[{"embeddable":true,"href":"https:\/\/www.andancas.net\/site\/wp-json\/wp\/v2\/users\/1"}],"replies":[{"embeddable":true,"href":"https:\/\/www.andancas.net\/site\/wp-json\/wp\/v2\/comments?post=7359"}],"version-history":[{"count":0,"href":"https:\/\/www.andancas.net\/site\/wp-json\/wp\/v2\/pages\/7359\/revisions"}],"wp:featuredmedia":[{"embeddable":true,"href":"https:\/\/www.andancas.net\/site\/wp-json\/wp\/v2\/media\/7399"}],"wp:attachment":[{"href":"https:\/\/www.andancas.net\/site\/wp-json\/wp\/v2\/media?parent=7359"}],"curies":[{"name":"wp","href":"https:\/\/api.w.org\/{rel}","templated":true}]}}